{"id":514395,"date":"2022-04-13T13:57:58","date_gmt":"2022-04-13T11:57:58","guid":{"rendered":"https:\/\/tilefly.com\/?post_type=product&#038;p=514395"},"modified":"2023-07-17T17:13:33","modified_gmt":"2023-07-17T15:13:33","slug":"calacatta-bianco-relieve-panal-natural-30x60","status":"publish","type":"product","link":"https:\/\/tilefly.com\/it\/prodotto\/calacatta-bianco-relieve-panal-natural-30x60\/","title":{"rendered":"CALACATTA BIANCO RELIEVE PANAL NATURAL 30X60"},"content":{"rendered":"<p>Revestimiento pasta blanca con formato 30\u00d760 en acabado natural.<\/p><p>A juego se encuentra disponible el revestimiento decorado Calacatta Bianco Panal en formato 30\u00d760 en acabado natural.<\/p><p>La elegancia de un cl\u00e1sico atemporal, el m\u00e1rmol, un cl\u00e1sico irremplazable en la historia del dise\u00f1o y el interiorismo.<\/p><p>Esta serie est\u00e1 disponible en acabado brillo y natural.<\/p>","protected":false},"excerpt":{"rendered":"<p>Revestimiento pasta blanca con formato 30\u00d760 en acabado natural.A juego se encuentra disponible el revestimiento decorado Calacatta Bianco Panal en formato 30\u00d760 en acabado natural.La elegancia de un cl\u00e1sico atemporal, el m\u00e1rmol, un cl\u00e1sico irremplazable en la historia del dise\u00f1o y el interiorismo.Esta serie est\u00e1 disponible en acabado brillo y natural.<\/p>\n","protected":false},"featured_media":514469,"comment_status":"closed","ping_status":"closed","template":"","meta":[],"product_brand":[],"product_cat":[305,306,304],"product_tag":[],"class_list":{"0":"post-514395","1":"product","2":"type-product","3":"status-publish","4":"has-post-thumbnail","6":"product_cat-banos","7":"product_cat-cocina","8":"product_cat-revestimiento","10":"first","11":"outofstock","12":"shipping-taxable","13":"purchasable","14":"product-type-simple"},"_links":{"self":[{"href":"https:\/\/tilefly.com\/it\/wp-json\/wp\/v2\/product\/514395","targetHints":{"allow":["GET"]}}],"collection":[{"href":"https:\/\/tilefly.com\/it\/wp-json\/wp\/v2\/product"}],"about":[{"href":"https:\/\/tilefly.com\/it\/wp-json\/wp\/v2\/types\/product"}],"replies":[{"embeddable":true,"href":"https:\/\/tilefly.com\/it\/wp-json\/wp\/v2\/comments?post=514395"}],"wp:featuredmedia":[{"embeddable":true,"href":"https:\/\/tilefly.com\/it\/wp-json\/wp\/v2\/media\/514469"}],"wp:attachment":[{"href":"https:\/\/tilefly.com\/it\/wp-json\/wp\/v2\/media?parent=514395"}],"wp:term":[{"taxonomy":"product_brand","embeddable":true,"href":"https:\/\/tilefly.com\/it\/wp-json\/wp\/v2\/product_brand?post=514395"},{"taxonomy":"product_cat","embeddable":true,"href":"https:\/\/tilefly.com\/it\/wp-json\/wp\/v2\/product_cat?post=514395"},{"taxonomy":"product_tag","embeddable":true,"href":"https:\/\/tilefly.com\/it\/wp-json\/wp\/v2\/product_tag?post=514395"}],"curies":[{"name":"wp","href":"https:\/\/api.w.org\/{rel}","templated":true}]}}