{"id":514379,"date":"2022-03-17T16:15:30","date_gmt":"2022-03-17T15:15:30","guid":{"rendered":"https:\/\/tilefly.com\/?post_type=product&#038;p=514379"},"modified":"2025-10-29T09:12:11","modified_gmt":"2025-10-29T08:12:11","slug":"anti-slip-pierre-de-bali-mix-30x60","status":"publish","type":"product","link":"https:\/\/tilefly.com\/it\/prodotto\/anti-slip-pierre-de-bali-mix-30x60\/","title":{"rendered":"ANTI-SLIP PIERRE DE BALI MIX 30X60"},"content":{"rendered":"<p>Pierre de Bali reproduce una piedra original de la isla del sudeste asi\u00e1tico que aporta serenidad y nos ayuda a integrarnos con la naturaleza, dotando a cualquier zona de nuestro hogar de identidad propia.<br \/>Elegante y ex\u00f3tica, esta colecci\u00f3n tiene una serie espec\u00edfica para exteriores y piscina.<\/p>","protected":false},"excerpt":{"rendered":"<p>Pierre de Bali reproduce una piedra original de la isla del sudeste asi\u00e1tico que aporta serenidad y nos ayuda a integrarnos con la naturaleza, dotando a cualquier zona de nuestro hogar de identidad propia.Elegante y ex\u00f3tica, esta colecci\u00f3n tiene una serie espec\u00edfica para exteriores y piscina.<\/p>\n","protected":false},"featured_media":514384,"comment_status":"closed","ping_status":"closed","template":"","meta":[],"product_brand":[],"product_cat":[303,305,306,304],"product_tag":[],"class_list":{"0":"post-514379","1":"product","2":"type-product","3":"status-publish","4":"has-post-thumbnail","6":"product_cat-baldosas","7":"product_cat-banos","8":"product_cat-cocina","9":"product_cat-revestimiento","11":"first","12":"instock","13":"shipping-taxable","14":"purchasable","15":"product-type-simple"},"_links":{"self":[{"href":"https:\/\/tilefly.com\/it\/wp-json\/wp\/v2\/product\/514379","targetHints":{"allow":["GET"]}}],"collection":[{"href":"https:\/\/tilefly.com\/it\/wp-json\/wp\/v2\/product"}],"about":[{"href":"https:\/\/tilefly.com\/it\/wp-json\/wp\/v2\/types\/product"}],"replies":[{"embeddable":true,"href":"https:\/\/tilefly.com\/it\/wp-json\/wp\/v2\/comments?post=514379"}],"wp:featuredmedia":[{"embeddable":true,"href":"https:\/\/tilefly.com\/it\/wp-json\/wp\/v2\/media\/514384"}],"wp:attachment":[{"href":"https:\/\/tilefly.com\/it\/wp-json\/wp\/v2\/media?parent=514379"}],"wp:term":[{"taxonomy":"product_brand","embeddable":true,"href":"https:\/\/tilefly.com\/it\/wp-json\/wp\/v2\/product_brand?post=514379"},{"taxonomy":"product_cat","embeddable":true,"href":"https:\/\/tilefly.com\/it\/wp-json\/wp\/v2\/product_cat?post=514379"},{"taxonomy":"product_tag","embeddable":true,"href":"https:\/\/tilefly.com\/it\/wp-json\/wp\/v2\/product_tag?post=514379"}],"curies":[{"name":"wp","href":"https:\/\/api.w.org\/{rel}","templated":true}]}}