{"id":514226,"date":"2022-02-17T09:01:35","date_gmt":"2022-02-17T08:01:35","guid":{"rendered":"https:\/\/tilefly.com\/?post_type=product&#038;p=514226"},"modified":"2025-10-28T13:08:20","modified_gmt":"2025-10-28T12:08:20","slug":"klen-terracota-25x75","status":"publish","type":"product","link":"https:\/\/tilefly.com\/it\/prodotto\/klen-terracota-25x75\/","title":{"rendered":"KLEN TERRACOTA 25X75"},"content":{"rendered":"<p>Su base es un cemento abombado muy suave de tacto aterciopelado, pero lo m\u00e1s caracter\u00edstico de esta serie es el relieve que reproduce figuras de origami. La cer\u00e1mica, al fin y al cabo, guarda relaci\u00f3n con el arte del papel plegado: se hacen piezas una a una, se pliegan y luego se van sumando para construir el objeto.<\/p><p>Klen est\u00e1 disponible en seis colores diferentes: blue, terracota, pearl, white, paladium y grey.<\/p>","protected":false},"excerpt":{"rendered":"<p>Su base es un cemento abombado muy suave de tacto aterciopelado, pero lo m\u00e1s caracter\u00edstico de esta serie es el relieve que reproduce figuras de origami. La cer\u00e1mica, al fin y al cabo, guarda relaci\u00f3n con el arte del papel plegado: se hacen piezas una a una, se pliegan y luego se van sumando para [&hellip;]<\/p>\n","protected":false},"featured_media":514231,"comment_status":"closed","ping_status":"closed","template":"","meta":[],"product_brand":[],"product_cat":[305,306,304],"product_tag":[],"class_list":{"0":"post-514226","1":"product","2":"type-product","3":"status-publish","4":"has-post-thumbnail","6":"product_cat-banos","7":"product_cat-cocina","8":"product_cat-revestimiento","10":"first","11":"outofstock","12":"shipping-taxable","13":"purchasable","14":"product-type-simple"},"_links":{"self":[{"href":"https:\/\/tilefly.com\/it\/wp-json\/wp\/v2\/product\/514226","targetHints":{"allow":["GET"]}}],"collection":[{"href":"https:\/\/tilefly.com\/it\/wp-json\/wp\/v2\/product"}],"about":[{"href":"https:\/\/tilefly.com\/it\/wp-json\/wp\/v2\/types\/product"}],"replies":[{"embeddable":true,"href":"https:\/\/tilefly.com\/it\/wp-json\/wp\/v2\/comments?post=514226"}],"wp:featuredmedia":[{"embeddable":true,"href":"https:\/\/tilefly.com\/it\/wp-json\/wp\/v2\/media\/514231"}],"wp:attachment":[{"href":"https:\/\/tilefly.com\/it\/wp-json\/wp\/v2\/media?parent=514226"}],"wp:term":[{"taxonomy":"product_brand","embeddable":true,"href":"https:\/\/tilefly.com\/it\/wp-json\/wp\/v2\/product_brand?post=514226"},{"taxonomy":"product_cat","embeddable":true,"href":"https:\/\/tilefly.com\/it\/wp-json\/wp\/v2\/product_cat?post=514226"},{"taxonomy":"product_tag","embeddable":true,"href":"https:\/\/tilefly.com\/it\/wp-json\/wp\/v2\/product_tag?post=514226"}],"curies":[{"name":"wp","href":"https:\/\/api.w.org\/{rel}","templated":true}]}}