{"id":514132,"date":"2022-02-16T13:27:35","date_gmt":"2022-02-16T12:27:35","guid":{"rendered":"https:\/\/tilefly.com\/?post_type=product&#038;p=514132"},"modified":"2024-12-13T11:15:46","modified_gmt":"2024-12-13T10:15:46","slug":"chicago-exa-charcoal-215x25","status":"publish","type":"product","link":"https:\/\/tilefly.com\/it\/prodotto\/chicago-exa-charcoal-215x25\/","title":{"rendered":"CHICAGO EXA CHARCOAL 21,5&#215;25"},"content":{"rendered":"<p>Azulejo porcel\u00e1nico hexagonal de inspiraci\u00f3n urbana, formato 21,5x25cm, en modernas tonalidades carb\u00f3n con un total de 9 piezas con fuertes destonificaciones.<\/p><p>Los decorados TERRAZO, BOTANIC WARM y BOTANIC COLD, completan la serie jugando con los colores de la colecci\u00f3n.<\/p>","protected":false},"excerpt":{"rendered":"<p>Azulejo porcel\u00e1nico hexagonal de inspiraci\u00f3n urbana, formato 21,5x25cm, en modernas tonalidades carb\u00f3n con un total de 9 piezas con fuertes destonificaciones.Los decorados TERRAZO, BOTANIC WARM y BOTANIC COLD, completan la serie jugando con los colores de la colecci\u00f3n.<\/p>\n","protected":false},"featured_media":514133,"comment_status":"closed","ping_status":"closed","template":"","meta":[],"product_brand":[],"product_cat":[303,305,306,304,307],"product_tag":[],"class_list":{"0":"post-514132","1":"product","2":"type-product","3":"status-publish","4":"has-post-thumbnail","6":"product_cat-baldosas","7":"product_cat-banos","8":"product_cat-cocina","9":"product_cat-revestimiento","10":"product_cat-salon","12":"first","13":"outofstock","14":"shipping-taxable","15":"purchasable","16":"product-type-simple"},"_links":{"self":[{"href":"https:\/\/tilefly.com\/it\/wp-json\/wp\/v2\/product\/514132","targetHints":{"allow":["GET"]}}],"collection":[{"href":"https:\/\/tilefly.com\/it\/wp-json\/wp\/v2\/product"}],"about":[{"href":"https:\/\/tilefly.com\/it\/wp-json\/wp\/v2\/types\/product"}],"replies":[{"embeddable":true,"href":"https:\/\/tilefly.com\/it\/wp-json\/wp\/v2\/comments?post=514132"}],"wp:featuredmedia":[{"embeddable":true,"href":"https:\/\/tilefly.com\/it\/wp-json\/wp\/v2\/media\/514133"}],"wp:attachment":[{"href":"https:\/\/tilefly.com\/it\/wp-json\/wp\/v2\/media?parent=514132"}],"wp:term":[{"taxonomy":"product_brand","embeddable":true,"href":"https:\/\/tilefly.com\/it\/wp-json\/wp\/v2\/product_brand?post=514132"},{"taxonomy":"product_cat","embeddable":true,"href":"https:\/\/tilefly.com\/it\/wp-json\/wp\/v2\/product_cat?post=514132"},{"taxonomy":"product_tag","embeddable":true,"href":"https:\/\/tilefly.com\/it\/wp-json\/wp\/v2\/product_tag?post=514132"}],"curies":[{"name":"wp","href":"https:\/\/api.w.org\/{rel}","templated":true}]}}