{"id":513285,"date":"2021-10-11T13:48:54","date_gmt":"2021-10-11T11:48:54","guid":{"rendered":"https:\/\/tilefly.com\/?post_type=product&#038;p=513285"},"modified":"2024-06-25T14:14:51","modified_gmt":"2024-06-25T12:14:51","slug":"azulejo-porcelanico-melange-noir-natural-60x120","status":"publish","type":"product","link":"https:\/\/tilefly.com\/it\/prodotto\/azulejo-porcelanico-melange-noir-natural-60x120\/","title":{"rendered":"MELANGE NOIR NATURAL 60X120"},"content":{"rendered":"<p>La mezcla de diferentes dise\u00f1os de piedras para vestir tu espacio da origen a un juego de luces y sombras que ofrece superficies diferentes con acabado delicado y contempor\u00e1neo. Su paleta de 5 sofisticados colores est\u00e1 creada bajo la tendencia de la calma y los colores tranquilos que adem\u00e1s podr\u00e1s encontrar en una gran variedad de formatos 60X60, 60X120 y 90X180.<\/p>","protected":false},"excerpt":{"rendered":"<p>La mezcla de diferentes dise\u00f1os de piedras para vestir tu espacio da origen a un juego de luces y sombras que ofrece superficies diferentes con acabado delicado y contempor\u00e1neo. Su paleta de 5 sofisticados colores est\u00e1 creada bajo la tendencia de la calma y los colores tranquilos que adem\u00e1s podr\u00e1s encontrar en una gran variedad [&hellip;]<\/p>\n","protected":false},"featured_media":513286,"comment_status":"closed","ping_status":"closed","template":"","meta":[],"product_brand":[],"product_cat":[303,305,306,304,307],"product_tag":[],"class_list":{"0":"post-513285","1":"product","2":"type-product","3":"status-publish","4":"has-post-thumbnail","6":"product_cat-baldosas","7":"product_cat-banos","8":"product_cat-cocina","9":"product_cat-revestimiento","10":"product_cat-salon","12":"first","13":"outofstock","14":"shipping-taxable","15":"purchasable","16":"product-type-simple"},"_links":{"self":[{"href":"https:\/\/tilefly.com\/it\/wp-json\/wp\/v2\/product\/513285","targetHints":{"allow":["GET"]}}],"collection":[{"href":"https:\/\/tilefly.com\/it\/wp-json\/wp\/v2\/product"}],"about":[{"href":"https:\/\/tilefly.com\/it\/wp-json\/wp\/v2\/types\/product"}],"replies":[{"embeddable":true,"href":"https:\/\/tilefly.com\/it\/wp-json\/wp\/v2\/comments?post=513285"}],"wp:featuredmedia":[{"embeddable":true,"href":"https:\/\/tilefly.com\/it\/wp-json\/wp\/v2\/media\/513286"}],"wp:attachment":[{"href":"https:\/\/tilefly.com\/it\/wp-json\/wp\/v2\/media?parent=513285"}],"wp:term":[{"taxonomy":"product_brand","embeddable":true,"href":"https:\/\/tilefly.com\/it\/wp-json\/wp\/v2\/product_brand?post=513285"},{"taxonomy":"product_cat","embeddable":true,"href":"https:\/\/tilefly.com\/it\/wp-json\/wp\/v2\/product_cat?post=513285"},{"taxonomy":"product_tag","embeddable":true,"href":"https:\/\/tilefly.com\/it\/wp-json\/wp\/v2\/product_tag?post=513285"}],"curies":[{"name":"wp","href":"https:\/\/api.w.org\/{rel}","templated":true}]}}