{"id":512868,"date":"2021-09-29T15:37:32","date_gmt":"2021-09-29T13:37:32","guid":{"rendered":"https:\/\/tilefly.com\/?post_type=product&#038;p=512868"},"modified":"2025-07-23T16:36:50","modified_gmt":"2025-07-23T14:36:50","slug":"adhara-gold-pulido-60x120","status":"publish","type":"product","link":"https:\/\/tilefly.com\/it\/prodotto\/adhara-gold-pulido-60x120\/","title":{"rendered":"ADHARA GOLD PULIDO 60X120"},"content":{"rendered":"<p>Serie GALASSIA<\/p><p>Esta serie representa un nivel m\u00e1s hacia la perfecci\u00f3n en el dise\u00f1o y la calidad de nuestros azulejos dando como resultado la perfecta imperfecci\u00f3n de uno de los materiales m\u00e1s puros, el m\u00e1rmol, inspirado por la pureza y la elegancia.<\/p>","protected":false},"excerpt":{"rendered":"<p>Serie GALASSIAEsta serie representa un nivel m\u00e1s hacia la perfecci\u00f3n en el dise\u00f1o y la calidad de nuestros azulejos dando como resultado la perfecta imperfecci\u00f3n de uno de los materiales m\u00e1s puros, el m\u00e1rmol, inspirado por la pureza y la elegancia.<\/p>\n","protected":false},"featured_media":512869,"comment_status":"closed","ping_status":"closed","template":"","meta":[],"product_brand":[],"product_cat":[303,305,306,304,307],"product_tag":[],"class_list":{"0":"post-512868","1":"product","2":"type-product","3":"status-publish","4":"has-post-thumbnail","6":"product_cat-baldosas","7":"product_cat-banos","8":"product_cat-cocina","9":"product_cat-revestimiento","10":"product_cat-salon","12":"first","13":"outofstock","14":"shipping-taxable","15":"purchasable","16":"product-type-simple"},"_links":{"self":[{"href":"https:\/\/tilefly.com\/it\/wp-json\/wp\/v2\/product\/512868","targetHints":{"allow":["GET"]}}],"collection":[{"href":"https:\/\/tilefly.com\/it\/wp-json\/wp\/v2\/product"}],"about":[{"href":"https:\/\/tilefly.com\/it\/wp-json\/wp\/v2\/types\/product"}],"replies":[{"embeddable":true,"href":"https:\/\/tilefly.com\/it\/wp-json\/wp\/v2\/comments?post=512868"}],"wp:featuredmedia":[{"embeddable":true,"href":"https:\/\/tilefly.com\/it\/wp-json\/wp\/v2\/media\/512869"}],"wp:attachment":[{"href":"https:\/\/tilefly.com\/it\/wp-json\/wp\/v2\/media?parent=512868"}],"wp:term":[{"taxonomy":"product_brand","embeddable":true,"href":"https:\/\/tilefly.com\/it\/wp-json\/wp\/v2\/product_brand?post=512868"},{"taxonomy":"product_cat","embeddable":true,"href":"https:\/\/tilefly.com\/it\/wp-json\/wp\/v2\/product_cat?post=512868"},{"taxonomy":"product_tag","embeddable":true,"href":"https:\/\/tilefly.com\/it\/wp-json\/wp\/v2\/product_tag?post=512868"}],"curies":[{"name":"wp","href":"https:\/\/api.w.org\/{rel}","templated":true}]}}