{"id":462110,"date":"2021-06-25T14:40:09","date_gmt":"2021-06-25T12:40:09","guid":{"rendered":"https:\/\/tilefly.com\/?post_type=product&#038;p=462110"},"modified":"2021-06-29T13:54:30","modified_gmt":"2021-06-29T11:54:30","slug":"caramel-silver-leaf-30x90","status":"publish","type":"product","link":"https:\/\/tilefly.com\/it\/prodotto\/caramel-silver-leaf-30x90\/","title":{"rendered":"CARAMEL SILVER LEAF 30X90"},"content":{"rendered":"<p><a href=\"https:\/\/tilefly.com\/\">Azulejos<\/a> ideales para todas las estancias.<\/p><p>Luxe es resistencia y riqueza crom\u00e1tica, una colecci\u00f3n que encapsula m\u00e1rmoles extravagantes con acabados naturales y pulidos, que dotan de remarcada personalidad tu <a href=\"https:\/\/tilefly.com\/revestimiento\/\">revestimiento<\/a>.<\/p>","protected":false},"excerpt":{"rendered":"<p>Azulejos ideales para todas las estancias.Luxe es resistencia y riqueza crom\u00e1tica, una colecci\u00f3n que encapsula m\u00e1rmoles extravagantes con acabados naturales y pulidos, que dotan de remarcada personalidad tu revestimiento.<\/p>\n","protected":false},"featured_media":462107,"comment_status":"closed","ping_status":"closed","template":"","meta":[],"product_brand":[],"product_cat":[304,305,306,307],"product_tag":[],"class_list":{"0":"post-462110","1":"product","2":"type-product","3":"status-publish","4":"has-post-thumbnail","6":"product_cat-revestimiento","7":"product_cat-banos","8":"product_cat-cocina","9":"product_cat-salon","11":"first","12":"instock","13":"shipping-taxable","14":"purchasable","15":"product-type-simple"},"_links":{"self":[{"href":"https:\/\/tilefly.com\/it\/wp-json\/wp\/v2\/product\/462110","targetHints":{"allow":["GET"]}}],"collection":[{"href":"https:\/\/tilefly.com\/it\/wp-json\/wp\/v2\/product"}],"about":[{"href":"https:\/\/tilefly.com\/it\/wp-json\/wp\/v2\/types\/product"}],"replies":[{"embeddable":true,"href":"https:\/\/tilefly.com\/it\/wp-json\/wp\/v2\/comments?post=462110"}],"wp:featuredmedia":[{"embeddable":true,"href":"https:\/\/tilefly.com\/it\/wp-json\/wp\/v2\/media\/462107"}],"wp:attachment":[{"href":"https:\/\/tilefly.com\/it\/wp-json\/wp\/v2\/media?parent=462110"}],"wp:term":[{"taxonomy":"product_brand","embeddable":true,"href":"https:\/\/tilefly.com\/it\/wp-json\/wp\/v2\/product_brand?post=462110"},{"taxonomy":"product_cat","embeddable":true,"href":"https:\/\/tilefly.com\/it\/wp-json\/wp\/v2\/product_cat?post=462110"},{"taxonomy":"product_tag","embeddable":true,"href":"https:\/\/tilefly.com\/it\/wp-json\/wp\/v2\/product_tag?post=462110"}],"curies":[{"name":"wp","href":"https:\/\/api.w.org\/{rel}","templated":true}]}}