{"id":461993,"date":"2021-06-25T14:33:33","date_gmt":"2021-06-25T12:33:33","guid":{"rendered":"https:\/\/tilefly.com\/?post_type=product&#038;p=461993"},"modified":"2024-12-20T12:43:31","modified_gmt":"2024-12-20T11:43:31","slug":"statuario-gold-30x90","status":"publish","type":"product","link":"https:\/\/tilefly.com\/it\/prodotto\/statuario-gold-30x90\/","title":{"rendered":"STATUARIO GOLD 30X90"},"content":{"rendered":"<p>Nueva serie de <a href=\"https:\/\/tilefly.com\/revestimiento\/\">Revestimiento<\/a> pasta blanca Rectificado 30&#215;90<\/p><p>El m\u00e1rmol, un cl\u00e1sico irremplazable en la historia del dise\u00f1o y el interiorismo. Esta gran apuesta por el desarrollo del porcel\u00e1nico marmoleado, nace Maximus. Desarrollado con las \u00faltimas tecnolog\u00edas hasta convertir Maximus en lo que es hoy: las prestaciones de durabilidad, practicidad y resistencia de un porcel\u00e1nico, con una soluci\u00f3n estil\u00edstica cl\u00e1sica, elegante y atemporal de la recreaci\u00f3n del m\u00e1rmol. Con cada uno de sus 10 distintos dise\u00f1os, se pueden crear espacios de gran potencia est\u00e9tica y car\u00e1cter. Desde las tramas y vetas m\u00e1s suaves, hasta las l\u00edneas m\u00e1s marcadas y trazos con gran realismo.<\/p>","protected":false},"excerpt":{"rendered":"<p>Nueva serie de Revestimiento pasta blanca Rectificado 30&#215;90El m\u00e1rmol, un cl\u00e1sico irremplazable en la historia del dise\u00f1o y el interiorismo. Esta gran apuesta por el desarrollo del porcel\u00e1nico marmoleado, nace Maximus. Desarrollado con las \u00faltimas tecnolog\u00edas hasta convertir Maximus en lo que es hoy: las prestaciones de durabilidad, practicidad y resistencia de un porcel\u00e1nico, con [&hellip;]<\/p>\n","protected":false},"featured_media":462097,"comment_status":"closed","ping_status":"closed","template":"","meta":[],"product_brand":[],"product_cat":[562,563,564,565],"product_tag":[],"class_list":{"0":"post-461993","1":"product","2":"type-product","3":"status-publish","4":"has-post-thumbnail","6":"product_cat-badkamer-tegels","7":"product_cat-keuken-tegel","8":"product_cat-wandtegels","9":"product_cat-woonkamer-tegels","11":"first","12":"instock","13":"shipping-taxable","14":"purchasable","15":"product-type-simple"},"_links":{"self":[{"href":"https:\/\/tilefly.com\/it\/wp-json\/wp\/v2\/product\/461993","targetHints":{"allow":["GET"]}}],"collection":[{"href":"https:\/\/tilefly.com\/it\/wp-json\/wp\/v2\/product"}],"about":[{"href":"https:\/\/tilefly.com\/it\/wp-json\/wp\/v2\/types\/product"}],"replies":[{"embeddable":true,"href":"https:\/\/tilefly.com\/it\/wp-json\/wp\/v2\/comments?post=461993"}],"wp:featuredmedia":[{"embeddable":true,"href":"https:\/\/tilefly.com\/it\/wp-json\/wp\/v2\/media\/462097"}],"wp:attachment":[{"href":"https:\/\/tilefly.com\/it\/wp-json\/wp\/v2\/media?parent=461993"}],"wp:term":[{"taxonomy":"product_brand","embeddable":true,"href":"https:\/\/tilefly.com\/it\/wp-json\/wp\/v2\/product_brand?post=461993"},{"taxonomy":"product_cat","embeddable":true,"href":"https:\/\/tilefly.com\/it\/wp-json\/wp\/v2\/product_cat?post=461993"},{"taxonomy":"product_tag","embeddable":true,"href":"https:\/\/tilefly.com\/it\/wp-json\/wp\/v2\/product_tag?post=461993"}],"curies":[{"name":"wp","href":"https:\/\/api.w.org\/{rel}","templated":true}]}}