{"id":247470,"date":"2021-02-04T21:54:46","date_gmt":"2021-02-04T20:54:46","guid":{"rendered":"https:\/\/tilefly.com\/?post_type=product&#038;p=247470"},"modified":"2024-12-20T12:44:19","modified_gmt":"2024-12-20T11:44:19","slug":"rodapie-statuario-gold-rodapie-71x80","status":"publish","type":"product","link":"https:\/\/tilefly.com\/it\/prodotto\/rodapie-statuario-gold-rodapie-71x80\/","title":{"rendered":"RODAPIE STATUARIO GOLD RODAPIE CANTO ROMO 7,1X80"},"content":{"rendered":"<p>Rodapie 7,1&#215;80 de material porcel\u00e1nico esmaltado.<\/p><p>Extrema claridad y m\u00e1xima oscuridad. As\u00ed es la serie Maximus y sus dos colores de un contraste total.<\/p><p>El acromatismo y simplicidad de esta serie hace de ella su principal caracter\u00edstica reforzando y dando el protagonismo principal al blanco m\u00e1s luminoso y el negro m\u00e1s oscuro. De esta forma, con Maximus se renueva el concepto de elegancia en el dise\u00f1o de interiores minimalista. Combinable entre s\u00ed, logra acabados visualmente impactantes y dise\u00f1os inimaginables. La intensidad de ambos colores en un mismo espacio dota de una fuerte personalidad a cualquier estancia pudiendo estar tanto en cocinas modernas, como en pavimentos contempor\u00e1neos o ba\u00f1os minimalistas. Esta colecci\u00f3n tambi\u00e9n tiene disponibles azulejos de gran formato (120X120 y 90X180).<\/p><p>Producto de fabricaci\u00f3n bajo pedido, el tiempo estimado de fabricaci\u00f3n es de 4 semanas aproximadamente.<\/p>","protected":false},"excerpt":{"rendered":"<p>Rodapie 7,1&#215;80 de material porcel\u00e1nico esmaltado.Extrema claridad y m\u00e1xima oscuridad. As\u00ed es la serie Maximus y sus dos colores de un contraste total.El acromatismo y simplicidad de esta serie hace de ella su principal caracter\u00edstica reforzando y dando el protagonismo principal al blanco m\u00e1s luminoso y el negro m\u00e1s oscuro. De esta forma, con Maximus [&hellip;]<\/p>\n","protected":false},"featured_media":105341,"comment_status":"open","ping_status":"closed","template":"","meta":[],"product_brand":[],"product_cat":[302],"product_tag":[],"class_list":{"0":"post-247470","1":"product","2":"type-product","3":"status-publish","4":"has-post-thumbnail","6":"product_cat-sin-categorizar","8":"first","9":"outofstock","10":"shipping-taxable","11":"purchasable","12":"product-type-simple"},"_links":{"self":[{"href":"https:\/\/tilefly.com\/it\/wp-json\/wp\/v2\/product\/247470","targetHints":{"allow":["GET"]}}],"collection":[{"href":"https:\/\/tilefly.com\/it\/wp-json\/wp\/v2\/product"}],"about":[{"href":"https:\/\/tilefly.com\/it\/wp-json\/wp\/v2\/types\/product"}],"replies":[{"embeddable":true,"href":"https:\/\/tilefly.com\/it\/wp-json\/wp\/v2\/comments?post=247470"}],"wp:featuredmedia":[{"embeddable":true,"href":"https:\/\/tilefly.com\/it\/wp-json\/wp\/v2\/media\/105341"}],"wp:attachment":[{"href":"https:\/\/tilefly.com\/it\/wp-json\/wp\/v2\/media?parent=247470"}],"wp:term":[{"taxonomy":"product_brand","embeddable":true,"href":"https:\/\/tilefly.com\/it\/wp-json\/wp\/v2\/product_brand?post=247470"},{"taxonomy":"product_cat","embeddable":true,"href":"https:\/\/tilefly.com\/it\/wp-json\/wp\/v2\/product_cat?post=247470"},{"taxonomy":"product_tag","embeddable":true,"href":"https:\/\/tilefly.com\/it\/wp-json\/wp\/v2\/product_tag?post=247470"}],"curies":[{"name":"wp","href":"https:\/\/api.w.org\/{rel}","templated":true}]}}