{"id":135834,"date":"2020-10-19T07:47:28","date_gmt":"2020-10-19T05:47:28","guid":{"rendered":"https:\/\/tilefly.com\/producto\/revestimiento-ceramica-whispers-30x90\/"},"modified":"2025-05-28T00:44:48","modified_gmt":"2025-05-27T22:44:48","slug":"revestimiento-ceramica-whispers-30x90","status":"publish","type":"product","link":"https:\/\/tilefly.com\/it\/prodotto\/revestimiento-ceramica-whispers-30x90\/","title":{"rendered":"WHISPERS 30X90"},"content":{"rendered":"<p>Delicada decoraci\u00f3n cer\u00e1mica con gr\u00e1ficas curvas, inspirada en los papeles pintados, perteneciente a la serie IMPERIALE. Vendida por metro cuadrado est\u00e1 concebida para cubrir \u00e1reas completas.<\/p>","protected":false},"excerpt":{"rendered":"<p>Delicada decoraci\u00f3n cer\u00e1mica con gr\u00e1ficas curvas, inspirada en los papeles pintados, perteneciente a la serie IMPERIALE. Vendida por metro cuadrado est\u00e1 concebida para cubrir \u00e1reas completas.<\/p>\n","protected":false},"featured_media":135836,"comment_status":"open","ping_status":"closed","template":"","meta":[],"product_brand":[],"product_cat":[305,306,304],"product_tag":[],"class_list":{"0":"post-135834","1":"product","2":"type-product","3":"status-publish","4":"has-post-thumbnail","6":"product_cat-banos","7":"product_cat-cocina","8":"product_cat-revestimiento","10":"first","11":"outofstock","12":"shipping-taxable","13":"purchasable","14":"product-type-simple"},"_links":{"self":[{"href":"https:\/\/tilefly.com\/it\/wp-json\/wp\/v2\/product\/135834","targetHints":{"allow":["GET"]}}],"collection":[{"href":"https:\/\/tilefly.com\/it\/wp-json\/wp\/v2\/product"}],"about":[{"href":"https:\/\/tilefly.com\/it\/wp-json\/wp\/v2\/types\/product"}],"replies":[{"embeddable":true,"href":"https:\/\/tilefly.com\/it\/wp-json\/wp\/v2\/comments?post=135834"}],"wp:featuredmedia":[{"embeddable":true,"href":"https:\/\/tilefly.com\/it\/wp-json\/wp\/v2\/media\/135836"}],"wp:attachment":[{"href":"https:\/\/tilefly.com\/it\/wp-json\/wp\/v2\/media?parent=135834"}],"wp:term":[{"taxonomy":"product_brand","embeddable":true,"href":"https:\/\/tilefly.com\/it\/wp-json\/wp\/v2\/product_brand?post=135834"},{"taxonomy":"product_cat","embeddable":true,"href":"https:\/\/tilefly.com\/it\/wp-json\/wp\/v2\/product_cat?post=135834"},{"taxonomy":"product_tag","embeddable":true,"href":"https:\/\/tilefly.com\/it\/wp-json\/wp\/v2\/product_tag?post=135834"}],"curies":[{"name":"wp","href":"https:\/\/api.w.org\/{rel}","templated":true}]}}