{"id":135670,"date":"2020-10-19T07:47:28","date_gmt":"2020-10-19T05:47:28","guid":{"rendered":"https:\/\/tilefly.com\/producto\/revestimiento-ceramica-tarantela-menta-15x15\/"},"modified":"2025-10-21T08:38:54","modified_gmt":"2025-10-21T06:38:54","slug":"revestimiento-ceramica-tarantela-menta-15x15","status":"publish","type":"product","link":"https:\/\/tilefly.com\/it\/prodotto\/revestimiento-ceramica-tarantela-menta-15x15\/","title":{"rendered":"TARANTELA MENTA 15X15"},"content":{"rendered":"<p>Baldosa verde de peque\u00f1o formato y acabado brillo que nos acerca la luz del Mediterr\u00e1neo.<br \/>Serie de cuatro colores frescos y brillantes que combinan entre s\u00ed. Los delicados HUESO y VAINILLA aportan claridad y el MENTA o el AZUL nos traen la frescura de la naturaleza<\/p><p>El azulejo en peque\u00f1o formato es una opci\u00f3n ideal para aportar un toque acogedor y c\u00e1lido a cualquier estancia. <\/p><p>\u00a1Atr\u00e9vete a combinar los distintos colores y a jugar con su forma!<\/p><p>pared<br \/>interior<br \/>f\u00e1cil limpieza<\/p>","protected":false},"excerpt":{"rendered":"<p>Baldosa verde de peque\u00f1o formato y acabado brillo que nos acerca la luz del Mediterr\u00e1neo.Serie de cuatro colores frescos y brillantes que combinan entre s\u00ed. Los delicados HUESO y VAINILLA aportan claridad y el MENTA o el AZUL nos traen la frescura de la naturalezaEl azulejo en peque\u00f1o formato es una opci\u00f3n ideal para aportar [&hellip;]<\/p>\n","protected":false},"featured_media":135672,"comment_status":"open","ping_status":"closed","template":"","meta":[],"product_brand":[],"product_cat":[305,306,304],"product_tag":[],"class_list":{"0":"post-135670","1":"product","2":"type-product","3":"status-publish","4":"has-post-thumbnail","6":"product_cat-banos","7":"product_cat-cocina","8":"product_cat-revestimiento","10":"first","11":"outofstock","12":"shipping-taxable","13":"purchasable","14":"product-type-simple"},"_links":{"self":[{"href":"https:\/\/tilefly.com\/it\/wp-json\/wp\/v2\/product\/135670","targetHints":{"allow":["GET"]}}],"collection":[{"href":"https:\/\/tilefly.com\/it\/wp-json\/wp\/v2\/product"}],"about":[{"href":"https:\/\/tilefly.com\/it\/wp-json\/wp\/v2\/types\/product"}],"replies":[{"embeddable":true,"href":"https:\/\/tilefly.com\/it\/wp-json\/wp\/v2\/comments?post=135670"}],"wp:featuredmedia":[{"embeddable":true,"href":"https:\/\/tilefly.com\/it\/wp-json\/wp\/v2\/media\/135672"}],"wp:attachment":[{"href":"https:\/\/tilefly.com\/it\/wp-json\/wp\/v2\/media?parent=135670"}],"wp:term":[{"taxonomy":"product_brand","embeddable":true,"href":"https:\/\/tilefly.com\/it\/wp-json\/wp\/v2\/product_brand?post=135670"},{"taxonomy":"product_cat","embeddable":true,"href":"https:\/\/tilefly.com\/it\/wp-json\/wp\/v2\/product_cat?post=135670"},{"taxonomy":"product_tag","embeddable":true,"href":"https:\/\/tilefly.com\/it\/wp-json\/wp\/v2\/product_tag?post=135670"}],"curies":[{"name":"wp","href":"https:\/\/api.w.org\/{rel}","templated":true}]}}