{"id":135554,"date":"2020-10-19T07:47:28","date_gmt":"2020-10-19T05:47:28","guid":{"rendered":"https:\/\/tilefly.com\/producto\/revestimiento-ceramica-strip-oro-2x75\/"},"modified":"2022-04-20T12:23:16","modified_gmt":"2022-04-20T10:23:16","slug":"revestimiento-ceramica-strip-oro-2x75","status":"publish","type":"product","link":"https:\/\/tilefly.com\/it\/prodotto\/revestimiento-ceramica-strip-oro-2x75\/","title":{"rendered":"STRIP ORO 2X75"},"content":{"rendered":"<p>Listelo de cer\u00e1mica  en oro y brillo acabada en PVD. Muy vers\u00e1til para acompa\u00f1ar con multitud de bases para peque\u00f1os detalles.<\/p>","protected":false},"excerpt":{"rendered":"<p>Listelo de cer\u00e1mica en oro y brillo acabada en PVD. Muy vers\u00e1til para acompa\u00f1ar con multitud de bases para peque\u00f1os detalles.<\/p>\n","protected":false},"featured_media":135556,"comment_status":"open","ping_status":"closed","template":"","meta":[],"product_brand":[],"product_cat":[305,306,304],"product_tag":[],"class_list":{"0":"post-135554","1":"product","2":"type-product","3":"status-publish","4":"has-post-thumbnail","6":"product_cat-banos","7":"product_cat-cocina","8":"product_cat-revestimiento","10":"first","11":"outofstock","12":"shipping-taxable","13":"purchasable","14":"product-type-simple"},"_links":{"self":[{"href":"https:\/\/tilefly.com\/it\/wp-json\/wp\/v2\/product\/135554","targetHints":{"allow":["GET"]}}],"collection":[{"href":"https:\/\/tilefly.com\/it\/wp-json\/wp\/v2\/product"}],"about":[{"href":"https:\/\/tilefly.com\/it\/wp-json\/wp\/v2\/types\/product"}],"replies":[{"embeddable":true,"href":"https:\/\/tilefly.com\/it\/wp-json\/wp\/v2\/comments?post=135554"}],"wp:featuredmedia":[{"embeddable":true,"href":"https:\/\/tilefly.com\/it\/wp-json\/wp\/v2\/media\/135556"}],"wp:attachment":[{"href":"https:\/\/tilefly.com\/it\/wp-json\/wp\/v2\/media?parent=135554"}],"wp:term":[{"taxonomy":"product_brand","embeddable":true,"href":"https:\/\/tilefly.com\/it\/wp-json\/wp\/v2\/product_brand?post=135554"},{"taxonomy":"product_cat","embeddable":true,"href":"https:\/\/tilefly.com\/it\/wp-json\/wp\/v2\/product_cat?post=135554"},{"taxonomy":"product_tag","embeddable":true,"href":"https:\/\/tilefly.com\/it\/wp-json\/wp\/v2\/product_tag?post=135554"}],"curies":[{"name":"wp","href":"https:\/\/api.w.org\/{rel}","templated":true}]}}