{"id":133666,"date":"2020-10-18T23:58:16","date_gmt":"2020-10-18T21:58:16","guid":{"rendered":"https:\/\/tilefly.com\/producto\/pavimento-porcelanico-saudade-bermellon-20x20\/"},"modified":"2024-05-06T00:00:52","modified_gmt":"2024-05-05T22:00:52","slug":"pavimento-porcelanico-saudade-bermellon-20x20","status":"publish","type":"product","link":"https:\/\/tilefly.com\/it\/prodotto\/pavimento-porcelanico-saudade-bermellon-20x20\/","title":{"rendered":"SAUDADE BERMELLON 20X20"},"content":{"rendered":"<p>Baldosa de porcel\u00e1nico imitaci\u00f3n de azulejo hidr\u00e1ulico en 20\u00d720, en un tono muy particular, el bermell\u00f3n, a caballo entre el rojo y el marr\u00f3n, con un car\u00e1cter c\u00e1lido e intenso.<\/p><p>DUNE presenta SAUDADE, una nueva propuesta basada en el colorido y las gr\u00e1ficas de los azulejos hidr\u00e1ulicos portugueses, en la que tradici\u00f3n y dise\u00f1o se a\u00fanan para ofrecer una colecci\u00f3n de suelos elegante y atemporal. Con altas prestaciones t\u00e9cnicas, es una opci\u00f3n resistente y muy f\u00e1cil de limpiar. Disponible en 4 colores para usar solos o combinados. Su clase 2 de deslizamiento hace que se pueda colocar en interior y zonas exteriores como patios, balcones y terrazas comerciales.<\/p><p>suelo y pared<br \/>porcel\u00e1nico<br \/>interior y exterior<br \/>resistente y f\u00e1cil de mantener <\/p>","protected":false},"excerpt":{"rendered":"<p>Baldosa de porcel\u00e1nico imitaci\u00f3n de azulejo hidr\u00e1ulico en 20\u00d720, en un tono muy particular, el bermell\u00f3n, a caballo entre el rojo y el marr\u00f3n, con un car\u00e1cter c\u00e1lido e intenso.DUNE presenta SAUDADE, una nueva propuesta basada en el colorido y las gr\u00e1ficas de los azulejos hidr\u00e1ulicos portugueses, en la que tradici\u00f3n y dise\u00f1o se a\u00fanan [&hellip;]<\/p>\n","protected":false},"featured_media":133668,"comment_status":"open","ping_status":"closed","template":"","meta":[],"product_brand":[],"product_cat":[847,848,827],"product_tag":[],"class_list":{"0":"post-133666","1":"product","2":"type-product","3":"status-publish","4":"has-post-thumbnail","6":"product_cat-bagni","7":"product_cat-cucine","8":"product_cat-rivestimento","10":"first","11":"instock","12":"shipping-taxable","13":"purchasable","14":"product-type-simple"},"_links":{"self":[{"href":"https:\/\/tilefly.com\/it\/wp-json\/wp\/v2\/product\/133666","targetHints":{"allow":["GET"]}}],"collection":[{"href":"https:\/\/tilefly.com\/it\/wp-json\/wp\/v2\/product"}],"about":[{"href":"https:\/\/tilefly.com\/it\/wp-json\/wp\/v2\/types\/product"}],"replies":[{"embeddable":true,"href":"https:\/\/tilefly.com\/it\/wp-json\/wp\/v2\/comments?post=133666"}],"wp:featuredmedia":[{"embeddable":true,"href":"https:\/\/tilefly.com\/it\/wp-json\/wp\/v2\/media\/133668"}],"wp:attachment":[{"href":"https:\/\/tilefly.com\/it\/wp-json\/wp\/v2\/media?parent=133666"}],"wp:term":[{"taxonomy":"product_brand","embeddable":true,"href":"https:\/\/tilefly.com\/it\/wp-json\/wp\/v2\/product_brand?post=133666"},{"taxonomy":"product_cat","embeddable":true,"href":"https:\/\/tilefly.com\/it\/wp-json\/wp\/v2\/product_cat?post=133666"},{"taxonomy":"product_tag","embeddable":true,"href":"https:\/\/tilefly.com\/it\/wp-json\/wp\/v2\/product_tag?post=133666"}],"curies":[{"name":"wp","href":"https:\/\/api.w.org\/{rel}","templated":true}]}}