{"id":133380,"date":"2020-10-18T23:58:16","date_gmt":"2020-10-18T21:58:16","guid":{"rendered":"https:\/\/tilefly.com\/producto\/pavimento-porcelanico-persepolis-60x60\/"},"modified":"2025-05-28T00:45:11","modified_gmt":"2025-05-27T22:45:11","slug":"pavimento-porcelanico-persepolis-60x60","status":"publish","type":"product","link":"https:\/\/tilefly.com\/it\/prodotto\/pavimento-porcelanico-persepolis-60x60\/","title":{"rendered":"PERSEPOLIS 60X60"},"content":{"rendered":"<p>Distinguida pieza decorativa basada en los dise\u00f1os de las alfombras persas ocres, negras y oro a juego con la Cenefa Pers\u00e9polis y el Taco Pers\u00e9polis; trasladar\u00e1 el lujo de inspiraci\u00f3n oriental a su hogar.<\/p>","protected":false},"excerpt":{"rendered":"<p>Distinguida pieza decorativa basada en los dise\u00f1os de las alfombras persas ocres, negras y oro a juego con la Cenefa Pers\u00e9polis y el Taco Pers\u00e9polis; trasladar\u00e1 el lujo de inspiraci\u00f3n oriental a su hogar.<\/p>\n","protected":false},"featured_media":133382,"comment_status":"open","ping_status":"closed","template":"","meta":[],"product_brand":[],"product_cat":[847,848,827],"product_tag":[],"class_list":{"0":"post-133380","1":"product","2":"type-product","3":"status-publish","4":"has-post-thumbnail","6":"product_cat-bagni","7":"product_cat-cucine","8":"product_cat-rivestimento","10":"first","11":"outofstock","12":"shipping-taxable","13":"purchasable","14":"product-type-simple"},"_links":{"self":[{"href":"https:\/\/tilefly.com\/it\/wp-json\/wp\/v2\/product\/133380","targetHints":{"allow":["GET"]}}],"collection":[{"href":"https:\/\/tilefly.com\/it\/wp-json\/wp\/v2\/product"}],"about":[{"href":"https:\/\/tilefly.com\/it\/wp-json\/wp\/v2\/types\/product"}],"replies":[{"embeddable":true,"href":"https:\/\/tilefly.com\/it\/wp-json\/wp\/v2\/comments?post=133380"}],"wp:featuredmedia":[{"embeddable":true,"href":"https:\/\/tilefly.com\/it\/wp-json\/wp\/v2\/media\/133382"}],"wp:attachment":[{"href":"https:\/\/tilefly.com\/it\/wp-json\/wp\/v2\/media?parent=133380"}],"wp:term":[{"taxonomy":"product_brand","embeddable":true,"href":"https:\/\/tilefly.com\/it\/wp-json\/wp\/v2\/product_brand?post=133380"},{"taxonomy":"product_cat","embeddable":true,"href":"https:\/\/tilefly.com\/it\/wp-json\/wp\/v2\/product_cat?post=133380"},{"taxonomy":"product_tag","embeddable":true,"href":"https:\/\/tilefly.com\/it\/wp-json\/wp\/v2\/product_tag?post=133380"}],"curies":[{"name":"wp","href":"https:\/\/api.w.org\/{rel}","templated":true}]}}