{"id":124455,"date":"2020-10-16T07:46:07","date_gmt":"2020-10-16T05:46:07","guid":{"rendered":"https:\/\/tilefly.com\/producto\/pavimento-porcelanico-metal-rec-60x60\/"},"modified":"2025-05-28T00:30:27","modified_gmt":"2025-05-27T22:30:27","slug":"pavimento-porcelanico-metal-rec-60x60","status":"publish","type":"product","link":"https:\/\/tilefly.com\/it\/prodotto\/pavimento-porcelanico-metal-rec-60x60\/","title":{"rendered":"METAL REC 60X60"},"content":{"rendered":"<p>Moderno y original azulejo de pavimento porcel\u00e1nico rectificado en 60&#215;60 con textura de con textura de plancha met\u00e1lica. Tono gris con matices de \u00f3xido. Combina con la serie de revestimiento HIPSTER.<\/p>","protected":false},"excerpt":{"rendered":"<p>Moderno y original azulejo de pavimento porcel\u00e1nico rectificado en 60&#215;60 con textura de con textura de plancha met\u00e1lica. Tono gris con matices de \u00f3xido. Combina con la serie de revestimiento HIPSTER.<\/p>\n","protected":false},"featured_media":124457,"comment_status":"open","ping_status":"closed","template":"","meta":[],"product_brand":[],"product_cat":[305,306,304],"product_tag":[],"class_list":{"0":"post-124455","1":"product","2":"type-product","3":"status-publish","4":"has-post-thumbnail","6":"product_cat-banos","7":"product_cat-cocina","8":"product_cat-revestimiento","10":"first","11":"outofstock","12":"shipping-taxable","13":"purchasable","14":"product-type-simple"},"_links":{"self":[{"href":"https:\/\/tilefly.com\/it\/wp-json\/wp\/v2\/product\/124455","targetHints":{"allow":["GET"]}}],"collection":[{"href":"https:\/\/tilefly.com\/it\/wp-json\/wp\/v2\/product"}],"about":[{"href":"https:\/\/tilefly.com\/it\/wp-json\/wp\/v2\/types\/product"}],"replies":[{"embeddable":true,"href":"https:\/\/tilefly.com\/it\/wp-json\/wp\/v2\/comments?post=124455"}],"wp:featuredmedia":[{"embeddable":true,"href":"https:\/\/tilefly.com\/it\/wp-json\/wp\/v2\/media\/124457"}],"wp:attachment":[{"href":"https:\/\/tilefly.com\/it\/wp-json\/wp\/v2\/media?parent=124455"}],"wp:term":[{"taxonomy":"product_brand","embeddable":true,"href":"https:\/\/tilefly.com\/it\/wp-json\/wp\/v2\/product_brand?post=124455"},{"taxonomy":"product_cat","embeddable":true,"href":"https:\/\/tilefly.com\/it\/wp-json\/wp\/v2\/product_cat?post=124455"},{"taxonomy":"product_tag","embeddable":true,"href":"https:\/\/tilefly.com\/it\/wp-json\/wp\/v2\/product_tag?post=124455"}],"curies":[{"name":"wp","href":"https:\/\/api.w.org\/{rel}","templated":true}]}}