{"id":124399,"date":"2020-10-16T07:46:07","date_gmt":"2020-10-16T05:46:07","guid":{"rendered":"https:\/\/tilefly.com\/producto\/mosaico-ceramica-mandala-28x28\/"},"modified":"2024-05-06T00:00:53","modified_gmt":"2024-05-05T22:00:53","slug":"mosaico-ceramica-mandala-28x28","status":"publish","type":"product","link":"https:\/\/tilefly.com\/it\/prodotto\/mosaico-ceramica-mandala-28x28\/","title":{"rendered":"MANDALA 28X28"},"content":{"rendered":"<p>Mandala es una palabra que quiere decir c\u00edrculo sagrado. El dise\u00f1o de este mosaico de cer\u00e1mica con infinidad de c\u00edrculos sagrados, combina el uso del corte por agua con pastas de vidrio sobre fondos coloridos.<\/p>","protected":false},"excerpt":{"rendered":"<p>Mandala es una palabra que quiere decir c\u00edrculo sagrado. El dise\u00f1o de este mosaico de cer\u00e1mica con infinidad de c\u00edrculos sagrados, combina el uso del corte por agua con pastas de vidrio sobre fondos coloridos.<\/p>\n","protected":false},"featured_media":124401,"comment_status":"open","ping_status":"closed","template":"","meta":[],"product_brand":[],"product_cat":[847,848,827],"product_tag":[],"class_list":{"0":"post-124399","1":"product","2":"type-product","3":"status-publish","4":"has-post-thumbnail","6":"product_cat-bagni","7":"product_cat-cucine","8":"product_cat-rivestimento","10":"first","11":"instock","12":"shipping-taxable","13":"purchasable","14":"product-type-simple"},"_links":{"self":[{"href":"https:\/\/tilefly.com\/it\/wp-json\/wp\/v2\/product\/124399","targetHints":{"allow":["GET"]}}],"collection":[{"href":"https:\/\/tilefly.com\/it\/wp-json\/wp\/v2\/product"}],"about":[{"href":"https:\/\/tilefly.com\/it\/wp-json\/wp\/v2\/types\/product"}],"replies":[{"embeddable":true,"href":"https:\/\/tilefly.com\/it\/wp-json\/wp\/v2\/comments?post=124399"}],"wp:featuredmedia":[{"embeddable":true,"href":"https:\/\/tilefly.com\/it\/wp-json\/wp\/v2\/media\/124401"}],"wp:attachment":[{"href":"https:\/\/tilefly.com\/it\/wp-json\/wp\/v2\/media?parent=124399"}],"wp:term":[{"taxonomy":"product_brand","embeddable":true,"href":"https:\/\/tilefly.com\/it\/wp-json\/wp\/v2\/product_brand?post=124399"},{"taxonomy":"product_cat","embeddable":true,"href":"https:\/\/tilefly.com\/it\/wp-json\/wp\/v2\/product_cat?post=124399"},{"taxonomy":"product_tag","embeddable":true,"href":"https:\/\/tilefly.com\/it\/wp-json\/wp\/v2\/product_tag?post=124399"}],"curies":[{"name":"wp","href":"https:\/\/api.w.org\/{rel}","templated":true}]}}