{"id":124220,"date":"2020-10-16T07:46:07","date_gmt":"2020-10-16T05:46:07","guid":{"rendered":"https:\/\/tilefly.com\/producto\/revestimiento-ceramica-listel-atelier-mink-glossy-5x15\/"},"modified":"2022-04-20T12:19:35","modified_gmt":"2022-04-20T10:19:35","slug":"revestimiento-ceramica-listel-atelier-mink-glossy-5x15","status":"publish","type":"product","link":"https:\/\/tilefly.com\/it\/prodotto\/revestimiento-ceramica-listel-atelier-mink-glossy-5x15\/","title":{"rendered":"LISTEL ATELIER MINK GLOSSY 5X15"},"content":{"rendered":"<p>El LISTEL es la moldura de la colecci\u00f3n ATELIER para los que quieren combinar azulejo y pintura en una misma pared. Tambi\u00e9n se puede usar para marcar la separaci\u00f3n entre dos zonas de una misma pared chapadas con azulejos de distintos colores<\/p>","protected":false},"excerpt":{"rendered":"<p>El LISTEL es la moldura de la colecci\u00f3n ATELIER para los que quieren combinar azulejo y pintura en una misma pared. Tambi\u00e9n se puede usar para marcar la separaci\u00f3n entre dos zonas de una misma pared chapadas con azulejos de distintos colores<\/p>\n","protected":false},"featured_media":124222,"comment_status":"open","ping_status":"closed","template":"","meta":[],"product_brand":[],"product_cat":[847,848,827],"product_tag":[],"class_list":{"0":"post-124220","1":"product","2":"type-product","3":"status-publish","4":"has-post-thumbnail","6":"product_cat-bagni","7":"product_cat-cucine","8":"product_cat-rivestimento","10":"first","11":"outofstock","12":"shipping-taxable","13":"purchasable","14":"product-type-simple"},"_links":{"self":[{"href":"https:\/\/tilefly.com\/it\/wp-json\/wp\/v2\/product\/124220","targetHints":{"allow":["GET"]}}],"collection":[{"href":"https:\/\/tilefly.com\/it\/wp-json\/wp\/v2\/product"}],"about":[{"href":"https:\/\/tilefly.com\/it\/wp-json\/wp\/v2\/types\/product"}],"replies":[{"embeddable":true,"href":"https:\/\/tilefly.com\/it\/wp-json\/wp\/v2\/comments?post=124220"}],"wp:featuredmedia":[{"embeddable":true,"href":"https:\/\/tilefly.com\/it\/wp-json\/wp\/v2\/media\/124222"}],"wp:attachment":[{"href":"https:\/\/tilefly.com\/it\/wp-json\/wp\/v2\/media?parent=124220"}],"wp:term":[{"taxonomy":"product_brand","embeddable":true,"href":"https:\/\/tilefly.com\/it\/wp-json\/wp\/v2\/product_brand?post=124220"},{"taxonomy":"product_cat","embeddable":true,"href":"https:\/\/tilefly.com\/it\/wp-json\/wp\/v2\/product_cat?post=124220"},{"taxonomy":"product_tag","embeddable":true,"href":"https:\/\/tilefly.com\/it\/wp-json\/wp\/v2\/product_tag?post=124220"}],"curies":[{"name":"wp","href":"https:\/\/api.w.org\/{rel}","templated":true}]}}