{"id":124149,"date":"2020-10-16T07:46:07","date_gmt":"2020-10-16T05:46:07","guid":{"rendered":"https:\/\/tilefly.com\/producto\/mosaico-lamia-dk-299x297\/"},"modified":"2024-12-13T11:11:35","modified_gmt":"2024-12-13T10:11:35","slug":"mosaico-lamia-dk-299x297","status":"publish","type":"product","link":"https:\/\/tilefly.com\/it\/prodotto\/mosaico-lamia-dk-299x297\/","title":{"rendered":"LAMIA-DK 29,9X29,7"},"content":{"rendered":"<p>Mezcla sutil y elegante de piedra y cristal en c\u00e1lidos tonos beige en teselas de distintos tama\u00f1os. Este mosaico es muy f\u00e1cil de combinar y es una opci\u00f3n ideal para dar un toque de distinci\u00f3n a una gran variedad de lisos o marmoleados de tonalidades crema, beige o camel. En zonas de ducha, tocador, cocinas, nichos iluminados y muchas otras \u00e1reas realzar\u00e1 el aspecto de la estancia donde se coloque.<\/p>","protected":false},"excerpt":{"rendered":"<p>Mezcla sutil y elegante de piedra y cristal en c\u00e1lidos tonos beige en teselas de distintos tama\u00f1os. Este mosaico es muy f\u00e1cil de combinar y es una opci\u00f3n ideal para dar un toque de distinci\u00f3n a una gran variedad de lisos o marmoleados de tonalidades crema, beige o camel. En zonas de ducha, tocador, cocinas, [&hellip;]<\/p>\n","protected":false},"featured_media":124151,"comment_status":"open","ping_status":"closed","template":"","meta":[],"product_brand":[],"product_cat":[847,848,827],"product_tag":[],"class_list":{"0":"post-124149","1":"product","2":"type-product","3":"status-publish","4":"has-post-thumbnail","6":"product_cat-bagni","7":"product_cat-cucine","8":"product_cat-rivestimento","10":"first","11":"instock","12":"shipping-taxable","13":"purchasable","14":"product-type-simple"},"_links":{"self":[{"href":"https:\/\/tilefly.com\/it\/wp-json\/wp\/v2\/product\/124149","targetHints":{"allow":["GET"]}}],"collection":[{"href":"https:\/\/tilefly.com\/it\/wp-json\/wp\/v2\/product"}],"about":[{"href":"https:\/\/tilefly.com\/it\/wp-json\/wp\/v2\/types\/product"}],"replies":[{"embeddable":true,"href":"https:\/\/tilefly.com\/it\/wp-json\/wp\/v2\/comments?post=124149"}],"wp:featuredmedia":[{"embeddable":true,"href":"https:\/\/tilefly.com\/it\/wp-json\/wp\/v2\/media\/124151"}],"wp:attachment":[{"href":"https:\/\/tilefly.com\/it\/wp-json\/wp\/v2\/media?parent=124149"}],"wp:term":[{"taxonomy":"product_brand","embeddable":true,"href":"https:\/\/tilefly.com\/it\/wp-json\/wp\/v2\/product_brand?post=124149"},{"taxonomy":"product_cat","embeddable":true,"href":"https:\/\/tilefly.com\/it\/wp-json\/wp\/v2\/product_cat?post=124149"},{"taxonomy":"product_tag","embeddable":true,"href":"https:\/\/tilefly.com\/it\/wp-json\/wp\/v2\/product_tag?post=124149"}],"curies":[{"name":"wp","href":"https:\/\/api.w.org\/{rel}","templated":true}]}}