{"id":124094,"date":"2020-10-16T07:46:07","date_gmt":"2020-10-16T05:46:07","guid":{"rendered":"https:\/\/tilefly.com\/producto\/pavimento-porcelanico-karakter-rec-60x60\/"},"modified":"2024-05-06T00:01:17","modified_gmt":"2024-05-05T22:01:17","slug":"pavimento-porcelanico-karakter-rec-60x60","status":"publish","type":"product","link":"https:\/\/tilefly.com\/it\/prodotto\/pavimento-porcelanico-karakter-rec-60x60\/","title":{"rendered":"KARAKTER REC 60X60"},"content":{"rendered":"<p>Original azulejo porcel\u00e1nico que reproduce la est\u00e9tica de una piedra oscura de gran car\u00e1cter, surcada por vetas blancas. El suave relieve de su superficie acent\u00faa su aspecto natural. Una perfecta opci\u00f3n para ambientes de belleza atemporal.<\/p>","protected":false},"excerpt":{"rendered":"<p>Original azulejo porcel\u00e1nico que reproduce la est\u00e9tica de una piedra oscura de gran car\u00e1cter, surcada por vetas blancas. El suave relieve de su superficie acent\u00faa su aspecto natural. Una perfecta opci\u00f3n para ambientes de belleza atemporal.<\/p>\n","protected":false},"featured_media":124096,"comment_status":"open","ping_status":"closed","template":"","meta":[],"product_brand":[],"product_cat":[303,307],"product_tag":[],"class_list":{"0":"post-124094","1":"product","2":"type-product","3":"status-publish","4":"has-post-thumbnail","6":"product_cat-baldosas","7":"product_cat-salon","9":"first","10":"instock","11":"shipping-taxable","12":"purchasable","13":"product-type-simple"},"_links":{"self":[{"href":"https:\/\/tilefly.com\/it\/wp-json\/wp\/v2\/product\/124094","targetHints":{"allow":["GET"]}}],"collection":[{"href":"https:\/\/tilefly.com\/it\/wp-json\/wp\/v2\/product"}],"about":[{"href":"https:\/\/tilefly.com\/it\/wp-json\/wp\/v2\/types\/product"}],"replies":[{"embeddable":true,"href":"https:\/\/tilefly.com\/it\/wp-json\/wp\/v2\/comments?post=124094"}],"wp:featuredmedia":[{"embeddable":true,"href":"https:\/\/tilefly.com\/it\/wp-json\/wp\/v2\/media\/124096"}],"wp:attachment":[{"href":"https:\/\/tilefly.com\/it\/wp-json\/wp\/v2\/media?parent=124094"}],"wp:term":[{"taxonomy":"product_brand","embeddable":true,"href":"https:\/\/tilefly.com\/it\/wp-json\/wp\/v2\/product_brand?post=124094"},{"taxonomy":"product_cat","embeddable":true,"href":"https:\/\/tilefly.com\/it\/wp-json\/wp\/v2\/product_cat?post=124094"},{"taxonomy":"product_tag","embeddable":true,"href":"https:\/\/tilefly.com\/it\/wp-json\/wp\/v2\/product_tag?post=124094"}],"curies":[{"name":"wp","href":"https:\/\/api.w.org\/{rel}","templated":true}]}}