{"id":124000,"date":"2020-10-16T07:46:07","date_gmt":"2020-10-16T05:46:07","guid":{"rendered":"https:\/\/tilefly.com\/producto\/revestimiento-ceramica-ibiza-mostaza-125x25\/"},"modified":"2022-04-20T12:16:31","modified_gmt":"2022-04-20T10:16:31","slug":"revestimiento-ceramica-ibiza-mostaza-125x25","status":"publish","type":"product","link":"https:\/\/tilefly.com\/it\/prodotto\/revestimiento-ceramica-ibiza-mostaza-125x25\/","title":{"rendered":"IBIZA MOSTAZA 12,5X25"},"content":{"rendered":"<p>Serie basada en la simplicidad del blanco en contraste con el color. Sus bordes rectos y su superficie con ligeras aguas la convierten en una opci\u00f3n perfecta para espacios llenos de frescura.  Para ambientes m\u00e1s ricos, se puede combinar con su decorado de peque\u00f1as geometr\u00edas.<\/p>","protected":false},"excerpt":{"rendered":"<p>Serie basada en la simplicidad del blanco en contraste con el color. Sus bordes rectos y su superficie con ligeras aguas la convierten en una opci\u00f3n perfecta para espacios llenos de frescura. Para ambientes m\u00e1s ricos, se puede combinar con su decorado de peque\u00f1as geometr\u00edas.<\/p>\n","protected":false},"featured_media":124002,"comment_status":"open","ping_status":"closed","template":"","meta":[],"product_brand":[],"product_cat":[305,306,304],"product_tag":[],"class_list":{"0":"post-124000","1":"product","2":"type-product","3":"status-publish","4":"has-post-thumbnail","6":"product_cat-banos","7":"product_cat-cocina","8":"product_cat-revestimiento","10":"first","11":"outofstock","12":"shipping-taxable","13":"purchasable","14":"product-type-simple"},"_links":{"self":[{"href":"https:\/\/tilefly.com\/it\/wp-json\/wp\/v2\/product\/124000","targetHints":{"allow":["GET"]}}],"collection":[{"href":"https:\/\/tilefly.com\/it\/wp-json\/wp\/v2\/product"}],"about":[{"href":"https:\/\/tilefly.com\/it\/wp-json\/wp\/v2\/types\/product"}],"replies":[{"embeddable":true,"href":"https:\/\/tilefly.com\/it\/wp-json\/wp\/v2\/comments?post=124000"}],"wp:featuredmedia":[{"embeddable":true,"href":"https:\/\/tilefly.com\/it\/wp-json\/wp\/v2\/media\/124002"}],"wp:attachment":[{"href":"https:\/\/tilefly.com\/it\/wp-json\/wp\/v2\/media?parent=124000"}],"wp:term":[{"taxonomy":"product_brand","embeddable":true,"href":"https:\/\/tilefly.com\/it\/wp-json\/wp\/v2\/product_brand?post=124000"},{"taxonomy":"product_cat","embeddable":true,"href":"https:\/\/tilefly.com\/it\/wp-json\/wp\/v2\/product_cat?post=124000"},{"taxonomy":"product_tag","embeddable":true,"href":"https:\/\/tilefly.com\/it\/wp-json\/wp\/v2\/product_tag?post=124000"}],"curies":[{"name":"wp","href":"https:\/\/api.w.org\/{rel}","templated":true}]}}