{"id":123806,"date":"2020-10-16T07:46:07","date_gmt":"2020-10-16T05:46:07","guid":{"rendered":"https:\/\/tilefly.com\/producto\/revestimiento-cristal-foglio-dargento-25x75\/"},"modified":"2025-05-28T00:29:32","modified_gmt":"2025-05-27T22:29:32","slug":"revestimiento-cristal-foglio-dargento-25x75","status":"publish","type":"product","link":"https:\/\/tilefly.com\/it\/prodotto\/revestimiento-cristal-foglio-dargento-25x75\/","title":{"rendered":"FOGLIO D\u00b4ARGENTO 25X75"},"content":{"rendered":"<p>Impresionante cristal con l\u00e1minas de pan de plata que le dar\u00e1n a cualquier ambiente elegancia y sobriedad. Es ideal para combinar con blancos y m\u00e1rmoles. Existe tambi\u00e9n su lavabo en cristal a juego.<\/p>","protected":false},"excerpt":{"rendered":"<p>Impresionante cristal con l\u00e1minas de pan de plata que le dar\u00e1n a cualquier ambiente elegancia y sobriedad. Es ideal para combinar con blancos y m\u00e1rmoles. Existe tambi\u00e9n su lavabo en cristal a juego.<\/p>\n","protected":false},"featured_media":123808,"comment_status":"open","ping_status":"closed","template":"","meta":[],"product_brand":[],"product_cat":[847,848,827],"product_tag":[],"class_list":{"0":"post-123806","1":"product","2":"type-product","3":"status-publish","4":"has-post-thumbnail","6":"product_cat-bagni","7":"product_cat-cucine","8":"product_cat-rivestimento","10":"first","11":"outofstock","12":"shipping-taxable","13":"purchasable","14":"product-type-simple"},"_links":{"self":[{"href":"https:\/\/tilefly.com\/it\/wp-json\/wp\/v2\/product\/123806","targetHints":{"allow":["GET"]}}],"collection":[{"href":"https:\/\/tilefly.com\/it\/wp-json\/wp\/v2\/product"}],"about":[{"href":"https:\/\/tilefly.com\/it\/wp-json\/wp\/v2\/types\/product"}],"replies":[{"embeddable":true,"href":"https:\/\/tilefly.com\/it\/wp-json\/wp\/v2\/comments?post=123806"}],"wp:featuredmedia":[{"embeddable":true,"href":"https:\/\/tilefly.com\/it\/wp-json\/wp\/v2\/media\/123808"}],"wp:attachment":[{"href":"https:\/\/tilefly.com\/it\/wp-json\/wp\/v2\/media?parent=123806"}],"wp:term":[{"taxonomy":"product_brand","embeddable":true,"href":"https:\/\/tilefly.com\/it\/wp-json\/wp\/v2\/product_brand?post=123806"},{"taxonomy":"product_cat","embeddable":true,"href":"https:\/\/tilefly.com\/it\/wp-json\/wp\/v2\/product_cat?post=123806"},{"taxonomy":"product_tag","embeddable":true,"href":"https:\/\/tilefly.com\/it\/wp-json\/wp\/v2\/product_tag?post=123806"}],"curies":[{"name":"wp","href":"https:\/\/api.w.org\/{rel}","templated":true}]}}