{"id":121013,"date":"2020-10-14T22:46:14","date_gmt":"2020-10-14T20:46:14","guid":{"rendered":"https:\/\/tilefly.com\/producto\/pavimento-porcelanico-diurne-oxide-rec-60x120\/"},"modified":"2024-05-06T00:01:18","modified_gmt":"2024-05-05T22:01:18","slug":"pavimento-porcelanico-diurne-oxide-rec-60x120","status":"publish","type":"product","link":"https:\/\/tilefly.com\/it\/prodotto\/pavimento-porcelanico-diurne-oxide-rec-60x120\/","title":{"rendered":"DIURNE OXIDE REC 60X120"},"content":{"rendered":"<p>Dise\u00f1o vanguardista e industrial, este azulejo porcel\u00e1nico reproduce fielmente el aspecto de una chapa met\u00e1lica envejecida por el tiempo.<\/p><p>muy vers\u00e1til<br \/>para suelo y pared<br \/>lo puedes combinar con los azulejos 20\u00d720 Ethnic o Plate<\/p>","protected":false},"excerpt":{"rendered":"<p>Dise\u00f1o vanguardista e industrial, este azulejo porcel\u00e1nico reproduce fielmente el aspecto de una chapa met\u00e1lica envejecida por el tiempo.muy vers\u00e1tilpara suelo y paredlo puedes combinar con los azulejos 20\u00d720 Ethnic o Plate<\/p>\n","protected":false},"featured_media":121015,"comment_status":"open","ping_status":"closed","template":"","meta":[],"product_brand":[],"product_cat":[354,355,356],"product_tag":[],"class_list":{"0":"post-121013","1":"product","2":"type-product","3":"status-publish","4":"has-post-thumbnail","6":"product_cat-carrelage-salle-de-bain","7":"product_cat-cuisines","8":"product_cat-faiences","10":"first","11":"instock","12":"shipping-taxable","13":"purchasable","14":"product-type-simple"},"_links":{"self":[{"href":"https:\/\/tilefly.com\/it\/wp-json\/wp\/v2\/product\/121013","targetHints":{"allow":["GET"]}}],"collection":[{"href":"https:\/\/tilefly.com\/it\/wp-json\/wp\/v2\/product"}],"about":[{"href":"https:\/\/tilefly.com\/it\/wp-json\/wp\/v2\/types\/product"}],"replies":[{"embeddable":true,"href":"https:\/\/tilefly.com\/it\/wp-json\/wp\/v2\/comments?post=121013"}],"wp:featuredmedia":[{"embeddable":true,"href":"https:\/\/tilefly.com\/it\/wp-json\/wp\/v2\/media\/121015"}],"wp:attachment":[{"href":"https:\/\/tilefly.com\/it\/wp-json\/wp\/v2\/media?parent=121013"}],"wp:term":[{"taxonomy":"product_brand","embeddable":true,"href":"https:\/\/tilefly.com\/it\/wp-json\/wp\/v2\/product_brand?post=121013"},{"taxonomy":"product_cat","embeddable":true,"href":"https:\/\/tilefly.com\/it\/wp-json\/wp\/v2\/product_cat?post=121013"},{"taxonomy":"product_tag","embeddable":true,"href":"https:\/\/tilefly.com\/it\/wp-json\/wp\/v2\/product_tag?post=121013"}],"curies":[{"name":"wp","href":"https:\/\/api.w.org\/{rel}","templated":true}]}}