{"id":120997,"date":"2020-10-14T22:46:14","date_gmt":"2020-10-14T20:46:14","guid":{"rendered":"https:\/\/tilefly.com\/producto\/pavimento-porcelanico-diurne-grey-rec-60x60\/"},"modified":"2025-05-28T00:26:52","modified_gmt":"2025-05-27T22:26:52","slug":"pavimento-porcelanico-diurne-grey-rec-60x60","status":"publish","type":"product","link":"https:\/\/tilefly.com\/it\/prodotto\/pavimento-porcelanico-diurne-grey-rec-60x60\/","title":{"rendered":"DIURNE GREY REC 60X60"},"content":{"rendered":"<p>Dise\u00f1o en porcel\u00e1nico , basado en la fusi\u00f3n del cemento envejecido con efectos oxidados y peque\u00f1as piedras que le dan personalidad. Este azulejo rectificado es una opci\u00f3n muy interesante para estancias con personalidad.  Gracias a su clase 2 de deslizamiento, es apto para terrazas, patios y locales p\u00fablicos. Disponible en gama de beiges, SAND o de grises, GREY<\/p>","protected":false},"excerpt":{"rendered":"<p>Dise\u00f1o en porcel\u00e1nico , basado en la fusi\u00f3n del cemento envejecido con efectos oxidados y peque\u00f1as piedras que le dan personalidad. Este azulejo rectificado es una opci\u00f3n muy interesante para estancias con personalidad. Gracias a su clase 2 de deslizamiento, es apto para terrazas, patios y locales p\u00fablicos. Disponible en gama de beiges, SAND o [&hellip;]<\/p>\n","protected":false},"featured_media":120999,"comment_status":"open","ping_status":"closed","template":"","meta":[],"product_brand":[],"product_cat":[353,357],"product_tag":[],"class_list":{"0":"post-120997","1":"product","2":"type-product","3":"status-publish","4":"has-post-thumbnail","6":"product_cat-carrelage","7":"product_cat-carrelage-salon","9":"first","10":"outofstock","11":"shipping-taxable","12":"purchasable","13":"product-type-simple"},"_links":{"self":[{"href":"https:\/\/tilefly.com\/it\/wp-json\/wp\/v2\/product\/120997","targetHints":{"allow":["GET"]}}],"collection":[{"href":"https:\/\/tilefly.com\/it\/wp-json\/wp\/v2\/product"}],"about":[{"href":"https:\/\/tilefly.com\/it\/wp-json\/wp\/v2\/types\/product"}],"replies":[{"embeddable":true,"href":"https:\/\/tilefly.com\/it\/wp-json\/wp\/v2\/comments?post=120997"}],"wp:featuredmedia":[{"embeddable":true,"href":"https:\/\/tilefly.com\/it\/wp-json\/wp\/v2\/media\/120999"}],"wp:attachment":[{"href":"https:\/\/tilefly.com\/it\/wp-json\/wp\/v2\/media?parent=120997"}],"wp:term":[{"taxonomy":"product_brand","embeddable":true,"href":"https:\/\/tilefly.com\/it\/wp-json\/wp\/v2\/product_brand?post=120997"},{"taxonomy":"product_cat","embeddable":true,"href":"https:\/\/tilefly.com\/it\/wp-json\/wp\/v2\/product_cat?post=120997"},{"taxonomy":"product_tag","embeddable":true,"href":"https:\/\/tilefly.com\/it\/wp-json\/wp\/v2\/product_tag?post=120997"}],"curies":[{"name":"wp","href":"https:\/\/api.w.org\/{rel}","templated":true}]}}