{"id":120993,"date":"2020-10-14T22:46:14","date_gmt":"2020-10-14T20:46:14","guid":{"rendered":"https:\/\/tilefly.com\/producto\/revestimiento-ceramica-diurne-grey-30x90\/"},"modified":"2024-05-06T00:01:11","modified_gmt":"2024-05-05T22:01:11","slug":"revestimiento-ceramica-diurne-grey-30x90","status":"publish","type":"product","link":"https:\/\/tilefly.com\/it\/prodotto\/revestimiento-ceramica-diurne-grey-30x90\/","title":{"rendered":"DIURNE GREY 30X90"},"content":{"rendered":"<p>Dise\u00f1o ecl\u00e9ctico basado en la fusi\u00f3n del cemento envejecido con efectos oxidados y peque\u00f1as piedras que le dan personalidad. De tacto sedoso , este azulejo rectificado es una opci\u00f3n muy interesante para estancias con personalidad. Disponible en gama de beiges, SAND o de grises, GREY<\/p>","protected":false},"excerpt":{"rendered":"<p>Dise\u00f1o ecl\u00e9ctico basado en la fusi\u00f3n del cemento envejecido con efectos oxidados y peque\u00f1as piedras que le dan personalidad. De tacto sedoso , este azulejo rectificado es una opci\u00f3n muy interesante para estancias con personalidad. Disponible en gama de beiges, SAND o de grises, GREY<\/p>\n","protected":false},"featured_media":120995,"comment_status":"open","ping_status":"closed","template":"","meta":[],"product_brand":[],"product_cat":[305,306,304],"product_tag":[],"class_list":{"0":"post-120993","1":"product","2":"type-product","3":"status-publish","4":"has-post-thumbnail","6":"product_cat-banos","7":"product_cat-cocina","8":"product_cat-revestimiento","10":"first","11":"instock","12":"shipping-taxable","13":"purchasable","14":"product-type-simple"},"_links":{"self":[{"href":"https:\/\/tilefly.com\/it\/wp-json\/wp\/v2\/product\/120993","targetHints":{"allow":["GET"]}}],"collection":[{"href":"https:\/\/tilefly.com\/it\/wp-json\/wp\/v2\/product"}],"about":[{"href":"https:\/\/tilefly.com\/it\/wp-json\/wp\/v2\/types\/product"}],"replies":[{"embeddable":true,"href":"https:\/\/tilefly.com\/it\/wp-json\/wp\/v2\/comments?post=120993"}],"wp:featuredmedia":[{"embeddable":true,"href":"https:\/\/tilefly.com\/it\/wp-json\/wp\/v2\/media\/120995"}],"wp:attachment":[{"href":"https:\/\/tilefly.com\/it\/wp-json\/wp\/v2\/media?parent=120993"}],"wp:term":[{"taxonomy":"product_brand","embeddable":true,"href":"https:\/\/tilefly.com\/it\/wp-json\/wp\/v2\/product_brand?post=120993"},{"taxonomy":"product_cat","embeddable":true,"href":"https:\/\/tilefly.com\/it\/wp-json\/wp\/v2\/product_cat?post=120993"},{"taxonomy":"product_tag","embeddable":true,"href":"https:\/\/tilefly.com\/it\/wp-json\/wp\/v2\/product_tag?post=120993"}],"curies":[{"name":"wp","href":"https:\/\/api.w.org\/{rel}","templated":true}]}}