{"id":120965,"date":"2020-10-14T22:46:14","date_gmt":"2020-10-14T20:46:14","guid":{"rendered":"https:\/\/tilefly.com\/producto\/revestimiento-cristal-deluxe-sapphire-75x15\/"},"modified":"2025-05-28T00:26:49","modified_gmt":"2025-05-27T22:26:49","slug":"revestimiento-cristal-deluxe-sapphire-75x15","status":"publish","type":"product","link":"https:\/\/tilefly.com\/it\/prodotto\/revestimiento-cristal-deluxe-sapphire-75x15\/","title":{"rendered":"DELUXE SAPPHIRE 7,5X15"},"content":{"rendered":"<p>Deluxe es una joya en cristal fundido y decorado de manera artesanal, con la t\u00e9cnica de los antiguos espejos venecianos. Cada pieza es \u00fanica e irrepetible. Solo o combinado con azulejos en su mismo formato, llena de belleza y distinci\u00f3n cualquier entorno.<\/p>","protected":false},"excerpt":{"rendered":"<p>Deluxe es una joya en cristal fundido y decorado de manera artesanal, con la t\u00e9cnica de los antiguos espejos venecianos. Cada pieza es \u00fanica e irrepetible. Solo o combinado con azulejos en su mismo formato, llena de belleza y distinci\u00f3n cualquier entorno.<\/p>\n","protected":false},"featured_media":120967,"comment_status":"open","ping_status":"closed","template":"","meta":[],"product_brand":[],"product_cat":[847,848,827],"product_tag":[],"class_list":{"0":"post-120965","1":"product","2":"type-product","3":"status-publish","4":"has-post-thumbnail","6":"product_cat-bagni","7":"product_cat-cucine","8":"product_cat-rivestimento","10":"first","11":"instock","12":"shipping-taxable","13":"purchasable","14":"product-type-simple"},"_links":{"self":[{"href":"https:\/\/tilefly.com\/it\/wp-json\/wp\/v2\/product\/120965","targetHints":{"allow":["GET"]}}],"collection":[{"href":"https:\/\/tilefly.com\/it\/wp-json\/wp\/v2\/product"}],"about":[{"href":"https:\/\/tilefly.com\/it\/wp-json\/wp\/v2\/types\/product"}],"replies":[{"embeddable":true,"href":"https:\/\/tilefly.com\/it\/wp-json\/wp\/v2\/comments?post=120965"}],"wp:featuredmedia":[{"embeddable":true,"href":"https:\/\/tilefly.com\/it\/wp-json\/wp\/v2\/media\/120967"}],"wp:attachment":[{"href":"https:\/\/tilefly.com\/it\/wp-json\/wp\/v2\/media?parent=120965"}],"wp:term":[{"taxonomy":"product_brand","embeddable":true,"href":"https:\/\/tilefly.com\/it\/wp-json\/wp\/v2\/product_brand?post=120965"},{"taxonomy":"product_cat","embeddable":true,"href":"https:\/\/tilefly.com\/it\/wp-json\/wp\/v2\/product_cat?post=120965"},{"taxonomy":"product_tag","embeddable":true,"href":"https:\/\/tilefly.com\/it\/wp-json\/wp\/v2\/product_tag?post=120965"}],"curies":[{"name":"wp","href":"https:\/\/api.w.org\/{rel}","templated":true}]}}