{"id":120910,"date":"2020-10-14T22:46:14","date_gmt":"2020-10-14T20:46:14","guid":{"rendered":"https:\/\/tilefly.com\/producto\/revestimiento-cristal-crystal-rock-golden-30x90\/"},"modified":"2025-05-28T00:26:42","modified_gmt":"2025-05-27T22:26:42","slug":"revestimiento-cristal-crystal-rock-golden-30x90","status":"publish","type":"product","link":"https:\/\/tilefly.com\/it\/prodotto\/revestimiento-cristal-crystal-rock-golden-30x90\/","title":{"rendered":"CRYSTAL ROCK GOLDEN 30X90"},"content":{"rendered":"<p>En este dise\u00f1o de 30&#215;90 cada pieza es \u00fanica debido a su m\u00e9todo de elaboraci\u00f3n artesanal, el cristal fundido se entremezcla sobre un molde p\u00e9treo. Escoge entre la tonalidad oro o plata.<\/p>","protected":false},"excerpt":{"rendered":"<p>En este dise\u00f1o de 30&#215;90 cada pieza es \u00fanica debido a su m\u00e9todo de elaboraci\u00f3n artesanal, el cristal fundido se entremezcla sobre un molde p\u00e9treo. Escoge entre la tonalidad oro o plata.<\/p>\n","protected":false},"featured_media":120912,"comment_status":"open","ping_status":"closed","template":"","meta":[],"product_brand":[],"product_cat":[305,306,304],"product_tag":[],"class_list":{"0":"post-120910","1":"product","2":"type-product","3":"status-publish","4":"has-post-thumbnail","6":"product_cat-banos","7":"product_cat-cocina","8":"product_cat-revestimiento","10":"first","11":"outofstock","12":"shipping-taxable","13":"purchasable","14":"product-type-simple"},"_links":{"self":[{"href":"https:\/\/tilefly.com\/it\/wp-json\/wp\/v2\/product\/120910","targetHints":{"allow":["GET"]}}],"collection":[{"href":"https:\/\/tilefly.com\/it\/wp-json\/wp\/v2\/product"}],"about":[{"href":"https:\/\/tilefly.com\/it\/wp-json\/wp\/v2\/types\/product"}],"replies":[{"embeddable":true,"href":"https:\/\/tilefly.com\/it\/wp-json\/wp\/v2\/comments?post=120910"}],"wp:featuredmedia":[{"embeddable":true,"href":"https:\/\/tilefly.com\/it\/wp-json\/wp\/v2\/media\/120912"}],"wp:attachment":[{"href":"https:\/\/tilefly.com\/it\/wp-json\/wp\/v2\/media?parent=120910"}],"wp:term":[{"taxonomy":"product_brand","embeddable":true,"href":"https:\/\/tilefly.com\/it\/wp-json\/wp\/v2\/product_brand?post=120910"},{"taxonomy":"product_cat","embeddable":true,"href":"https:\/\/tilefly.com\/it\/wp-json\/wp\/v2\/product_cat?post=120910"},{"taxonomy":"product_tag","embeddable":true,"href":"https:\/\/tilefly.com\/it\/wp-json\/wp\/v2\/product_tag?post=120910"}],"curies":[{"name":"wp","href":"https:\/\/api.w.org\/{rel}","templated":true}]}}