{"id":120804,"date":"2020-10-14T22:46:14","date_gmt":"2020-10-14T20:46:14","guid":{"rendered":"https:\/\/tilefly.com\/producto\/mosaico-ceramica-charm-30x30\/"},"modified":"2024-12-13T11:09:41","modified_gmt":"2024-12-13T10:09:41","slug":"mosaico-ceramica-charm-30x30","status":"publish","type":"product","link":"https:\/\/tilefly.com\/it\/prodotto\/mosaico-ceramica-charm-30x30\/","title":{"rendered":"CHARM 30X30"},"content":{"rendered":"<p>Mosaico de cer\u00e1mica ecl\u00e9ctico con un toque recto gracias a su superficie y contorno irregular. Acabado met\u00e1lico en PVD plata. Colocaci\u00f3n horizontal o vertical.<\/p>","protected":false},"excerpt":{"rendered":"<p>Mosaico de cer\u00e1mica ecl\u00e9ctico con un toque recto gracias a su superficie y contorno irregular. Acabado met\u00e1lico en PVD plata. Colocaci\u00f3n horizontal o vertical.<\/p>\n","protected":false},"featured_media":120806,"comment_status":"open","ping_status":"closed","template":"","meta":[],"product_brand":[],"product_cat":[354,355,356],"product_tag":[],"class_list":{"0":"post-120804","1":"product","2":"type-product","3":"status-publish","4":"has-post-thumbnail","6":"product_cat-carrelage-salle-de-bain","7":"product_cat-cuisines","8":"product_cat-faiences","10":"first","11":"instock","12":"shipping-taxable","13":"purchasable","14":"product-type-simple"},"_links":{"self":[{"href":"https:\/\/tilefly.com\/it\/wp-json\/wp\/v2\/product\/120804","targetHints":{"allow":["GET"]}}],"collection":[{"href":"https:\/\/tilefly.com\/it\/wp-json\/wp\/v2\/product"}],"about":[{"href":"https:\/\/tilefly.com\/it\/wp-json\/wp\/v2\/types\/product"}],"replies":[{"embeddable":true,"href":"https:\/\/tilefly.com\/it\/wp-json\/wp\/v2\/comments?post=120804"}],"wp:featuredmedia":[{"embeddable":true,"href":"https:\/\/tilefly.com\/it\/wp-json\/wp\/v2\/media\/120806"}],"wp:attachment":[{"href":"https:\/\/tilefly.com\/it\/wp-json\/wp\/v2\/media?parent=120804"}],"wp:term":[{"taxonomy":"product_brand","embeddable":true,"href":"https:\/\/tilefly.com\/it\/wp-json\/wp\/v2\/product_brand?post=120804"},{"taxonomy":"product_cat","embeddable":true,"href":"https:\/\/tilefly.com\/it\/wp-json\/wp\/v2\/product_cat?post=120804"},{"taxonomy":"product_tag","embeddable":true,"href":"https:\/\/tilefly.com\/it\/wp-json\/wp\/v2\/product_tag?post=120804"}],"curies":[{"name":"wp","href":"https:\/\/api.w.org\/{rel}","templated":true}]}}