{"id":120552,"date":"2020-10-14T22:46:14","date_gmt":"2020-10-14T20:46:14","guid":{"rendered":"https:\/\/tilefly.com\/producto\/revestimiento-ceramica-barro-decor-sky-125x25\/"},"modified":"2025-11-17T12:14:10","modified_gmt":"2025-11-17T11:14:10","slug":"revestimiento-ceramica-barro-decor-sky-125x25","status":"publish","type":"product","link":"https:\/\/tilefly.com\/it\/prodotto\/revestimiento-ceramica-barro-decor-sky-125x25\/","title":{"rendered":"BARRO DECOR SKY 12,5X25"},"content":{"rendered":"<p>Barro es un dise\u00f1o que reproduce la belleza de la cer\u00e1mica artesanal. La imperfecci\u00f3n y variedad del relieve, el borde mordido y la destonificaci\u00f3n del color son las caracter\u00edsticas que definen esta serie. Disponible en una paleta de atractivos colores que se complementan con un decorado de gr\u00e1fica muy sutil.<\/p>","protected":false},"excerpt":{"rendered":"<p>Barro es un dise\u00f1o que reproduce la belleza de la cer\u00e1mica artesanal. La imperfecci\u00f3n y variedad del relieve, el borde mordido y la destonificaci\u00f3n del color son las caracter\u00edsticas que definen esta serie. Disponible en una paleta de atractivos colores que se complementan con un decorado de gr\u00e1fica muy sutil.<\/p>\n","protected":false},"featured_media":120554,"comment_status":"open","ping_status":"closed","template":"","meta":[],"product_brand":[],"product_cat":[305,306,304],"product_tag":[],"class_list":{"0":"post-120552","1":"product","2":"type-product","3":"status-publish","4":"has-post-thumbnail","6":"product_cat-banos","7":"product_cat-cocina","8":"product_cat-revestimiento","10":"first","11":"outofstock","12":"shipping-taxable","13":"purchasable","14":"product-type-simple"},"_links":{"self":[{"href":"https:\/\/tilefly.com\/it\/wp-json\/wp\/v2\/product\/120552","targetHints":{"allow":["GET"]}}],"collection":[{"href":"https:\/\/tilefly.com\/it\/wp-json\/wp\/v2\/product"}],"about":[{"href":"https:\/\/tilefly.com\/it\/wp-json\/wp\/v2\/types\/product"}],"replies":[{"embeddable":true,"href":"https:\/\/tilefly.com\/it\/wp-json\/wp\/v2\/comments?post=120552"}],"wp:featuredmedia":[{"embeddable":true,"href":"https:\/\/tilefly.com\/it\/wp-json\/wp\/v2\/media\/120554"}],"wp:attachment":[{"href":"https:\/\/tilefly.com\/it\/wp-json\/wp\/v2\/media?parent=120552"}],"wp:term":[{"taxonomy":"product_brand","embeddable":true,"href":"https:\/\/tilefly.com\/it\/wp-json\/wp\/v2\/product_brand?post=120552"},{"taxonomy":"product_cat","embeddable":true,"href":"https:\/\/tilefly.com\/it\/wp-json\/wp\/v2\/product_cat?post=120552"},{"taxonomy":"product_tag","embeddable":true,"href":"https:\/\/tilefly.com\/it\/wp-json\/wp\/v2\/product_tag?post=120552"}],"curies":[{"name":"wp","href":"https:\/\/api.w.org\/{rel}","templated":true}]}}