{"id":120500,"date":"2020-10-14T22:46:14","date_gmt":"2020-10-14T20:46:14","guid":{"rendered":"https:\/\/tilefly.com\/producto\/revestimiento-cristal-aura-agate-glass-25x75\/"},"modified":"2024-12-13T11:09:38","modified_gmt":"2024-12-13T10:09:38","slug":"revestimiento-cristal-aura-agate-glass-25x75","status":"publish","type":"product","link":"https:\/\/tilefly.com\/it\/prodotto\/revestimiento-cristal-aura-agate-glass-25x75\/","title":{"rendered":"AURA AGATE GLASS 25X75"},"content":{"rendered":"<p>Espectacular cristal que reproduce fielmente la piedra semipreciosa \u00c1gata azul. Hay diez dise\u00f1os distintos combinables entre s\u00ed. Se puede retroiluminar.<\/p>","protected":false},"excerpt":{"rendered":"<p>Espectacular cristal que reproduce fielmente la piedra semipreciosa \u00c1gata azul. Hay diez dise\u00f1os distintos combinables entre s\u00ed. Se puede retroiluminar.<\/p>\n","protected":false},"featured_media":120502,"comment_status":"open","ping_status":"closed","template":"","meta":[],"product_brand":[],"product_cat":[305,306,304],"product_tag":[],"class_list":{"0":"post-120500","1":"product","2":"type-product","3":"status-publish","4":"has-post-thumbnail","6":"product_cat-banos","7":"product_cat-cocina","8":"product_cat-revestimiento","10":"first","11":"instock","12":"shipping-taxable","13":"purchasable","14":"product-type-simple"},"_links":{"self":[{"href":"https:\/\/tilefly.com\/it\/wp-json\/wp\/v2\/product\/120500","targetHints":{"allow":["GET"]}}],"collection":[{"href":"https:\/\/tilefly.com\/it\/wp-json\/wp\/v2\/product"}],"about":[{"href":"https:\/\/tilefly.com\/it\/wp-json\/wp\/v2\/types\/product"}],"replies":[{"embeddable":true,"href":"https:\/\/tilefly.com\/it\/wp-json\/wp\/v2\/comments?post=120500"}],"wp:featuredmedia":[{"embeddable":true,"href":"https:\/\/tilefly.com\/it\/wp-json\/wp\/v2\/media\/120502"}],"wp:attachment":[{"href":"https:\/\/tilefly.com\/it\/wp-json\/wp\/v2\/media?parent=120500"}],"wp:term":[{"taxonomy":"product_brand","embeddable":true,"href":"https:\/\/tilefly.com\/it\/wp-json\/wp\/v2\/product_brand?post=120500"},{"taxonomy":"product_cat","embeddable":true,"href":"https:\/\/tilefly.com\/it\/wp-json\/wp\/v2\/product_cat?post=120500"},{"taxonomy":"product_tag","embeddable":true,"href":"https:\/\/tilefly.com\/it\/wp-json\/wp\/v2\/product_tag?post=120500"}],"curies":[{"name":"wp","href":"https:\/\/api.w.org\/{rel}","templated":true}]}}