{"id":116833,"date":"2020-10-13T00:49:27","date_gmt":"2020-10-12T22:49:27","guid":{"rendered":"https:\/\/tilefly.com\/producto\/revestimiento-ceramica-arabesque-sky-30x90\/"},"modified":"2024-05-06T00:00:49","modified_gmt":"2024-05-05T22:00:49","slug":"revestimiento-ceramica-arabesque-sky-30x90","status":"publish","type":"product","link":"https:\/\/tilefly.com\/it\/prodotto\/revestimiento-ceramica-arabesque-sky-30x90\/","title":{"rendered":"ARABESQUE SKY 30X90"},"content":{"rendered":"<p>Delicado azulejo aspecto m\u00e1rmol con acabado brillo, formato 30x90cm, su suave color azul gris\u00e1ceo surcado por vetas colmar\u00e1 de luminosidad y sofisticaci\u00f3n cualquier estancia.<br \/>SELENE, la nueva serie cer\u00e1mica donde la gr\u00e1fica del \u00f3nice natural se trata delicadamente en una gama crom\u00e1tica que acoge desde un tono marfil, pasando por un azul gris\u00e1ceo y una tonalidad caf\u00e9, hasta un gris intenso. SELENE es una serie llena de lujo y de sofisticaci\u00f3n para espacios p\u00fablicos y privados.<\/p>","protected":false},"excerpt":{"rendered":"<p>Delicado azulejo aspecto m\u00e1rmol con acabado brillo, formato 30x90cm, su suave color azul gris\u00e1ceo surcado por vetas colmar\u00e1 de luminosidad y sofisticaci\u00f3n cualquier estancia.SELENE, la nueva serie cer\u00e1mica donde la gr\u00e1fica del \u00f3nice natural se trata delicadamente en una gama crom\u00e1tica que acoge desde un tono marfil, pasando por un azul gris\u00e1ceo y una tonalidad [&hellip;]<\/p>\n","protected":false},"featured_media":116835,"comment_status":"open","ping_status":"closed","template":"","meta":[],"product_brand":[],"product_cat":[305,306,304],"product_tag":[],"class_list":{"0":"post-116833","1":"product","2":"type-product","3":"status-publish","4":"has-post-thumbnail","6":"product_cat-banos","7":"product_cat-cocina","8":"product_cat-revestimiento","10":"first","11":"instock","12":"shipping-taxable","13":"purchasable","14":"product-type-simple"},"_links":{"self":[{"href":"https:\/\/tilefly.com\/it\/wp-json\/wp\/v2\/product\/116833","targetHints":{"allow":["GET"]}}],"collection":[{"href":"https:\/\/tilefly.com\/it\/wp-json\/wp\/v2\/product"}],"about":[{"href":"https:\/\/tilefly.com\/it\/wp-json\/wp\/v2\/types\/product"}],"replies":[{"embeddable":true,"href":"https:\/\/tilefly.com\/it\/wp-json\/wp\/v2\/comments?post=116833"}],"wp:featuredmedia":[{"embeddable":true,"href":"https:\/\/tilefly.com\/it\/wp-json\/wp\/v2\/media\/116835"}],"wp:attachment":[{"href":"https:\/\/tilefly.com\/it\/wp-json\/wp\/v2\/media?parent=116833"}],"wp:term":[{"taxonomy":"product_brand","embeddable":true,"href":"https:\/\/tilefly.com\/it\/wp-json\/wp\/v2\/product_brand?post=116833"},{"taxonomy":"product_cat","embeddable":true,"href":"https:\/\/tilefly.com\/it\/wp-json\/wp\/v2\/product_cat?post=116833"},{"taxonomy":"product_tag","embeddable":true,"href":"https:\/\/tilefly.com\/it\/wp-json\/wp\/v2\/product_tag?post=116833"}],"curies":[{"name":"wp","href":"https:\/\/api.w.org\/{rel}","templated":true}]}}