{"id":116688,"date":"2020-10-13T00:19:29","date_gmt":"2020-10-12T22:19:29","guid":{"rendered":"https:\/\/tilefly.com\/producto\/revestimiento-porcelanico-agnes-natural-20x20\/"},"modified":"2025-11-16T13:05:02","modified_gmt":"2025-11-16T12:05:02","slug":"revestimiento-porcelanico-agnes-natural-20x20","status":"publish","type":"product","link":"https:\/\/tilefly.com\/it\/prodotto\/revestimiento-porcelanico-agnes-natural-20x20\/","title":{"rendered":"AGNES NATURAL 20X20"},"content":{"rendered":"<p>Decorado que reinterpreta el terrazo de manera creativa. Tiene una aplicaci\u00f3n que le da peque\u00f1os destellos de brillo. La mezcla de acabado de piedra y cemento permite que este dise\u00f1o se combine con la serie Factory y Emporio.<\/p>","protected":false},"excerpt":{"rendered":"<p>Decorado que reinterpreta el terrazo de manera creativa. Tiene una aplicaci\u00f3n que le da peque\u00f1os destellos de brillo. La mezcla de acabado de piedra y cemento permite que este dise\u00f1o se combine con la serie Factory y Emporio.<\/p>\n","protected":false},"featured_media":116690,"comment_status":"open","ping_status":"closed","template":"","meta":[],"product_brand":[],"product_cat":[562,563,564],"product_tag":[],"class_list":{"0":"post-116688","1":"product","2":"type-product","3":"status-publish","4":"has-post-thumbnail","6":"product_cat-badkamer-tegels","7":"product_cat-keuken-tegel","8":"product_cat-wandtegels","10":"first","11":"outofstock","12":"shipping-taxable","13":"purchasable","14":"product-type-simple"},"_links":{"self":[{"href":"https:\/\/tilefly.com\/it\/wp-json\/wp\/v2\/product\/116688","targetHints":{"allow":["GET"]}}],"collection":[{"href":"https:\/\/tilefly.com\/it\/wp-json\/wp\/v2\/product"}],"about":[{"href":"https:\/\/tilefly.com\/it\/wp-json\/wp\/v2\/types\/product"}],"replies":[{"embeddable":true,"href":"https:\/\/tilefly.com\/it\/wp-json\/wp\/v2\/comments?post=116688"}],"wp:featuredmedia":[{"embeddable":true,"href":"https:\/\/tilefly.com\/it\/wp-json\/wp\/v2\/media\/116690"}],"wp:attachment":[{"href":"https:\/\/tilefly.com\/it\/wp-json\/wp\/v2\/media?parent=116688"}],"wp:term":[{"taxonomy":"product_brand","embeddable":true,"href":"https:\/\/tilefly.com\/it\/wp-json\/wp\/v2\/product_brand?post=116688"},{"taxonomy":"product_cat","embeddable":true,"href":"https:\/\/tilefly.com\/it\/wp-json\/wp\/v2\/product_cat?post=116688"},{"taxonomy":"product_tag","embeddable":true,"href":"https:\/\/tilefly.com\/it\/wp-json\/wp\/v2\/product_tag?post=116688"}],"curies":[{"name":"wp","href":"https:\/\/api.w.org\/{rel}","templated":true}]}}