{"id":116648,"date":"2020-10-13T00:19:29","date_gmt":"2020-10-12T22:19:29","guid":{"rendered":"https:\/\/tilefly.com\/producto\/revestimiento-ceramica-3d-tissu-light-25x25\/"},"modified":"2025-05-28T00:28:17","modified_gmt":"2025-05-27T22:28:17","slug":"revestimiento-ceramica-3d-tissu-light-25x25","status":"publish","type":"product","link":"https:\/\/tilefly.com\/it\/prodotto\/revestimiento-ceramica-3d-tissu-light-25x25\/","title":{"rendered":"3D TISSU LIGHT 25X25"},"content":{"rendered":"<p>Pieza que destaca por su juego de vol\u00famenes que, gracias a la tecnolog\u00eda  digital m\u00e1s avanzada, no s\u00f3lo se decoran con gr\u00e1ficas, sino tambi\u00e9n con texturas y efectos que enriquecen el efecto visual. Esta pieza de tonalidades m\u00e1s suaves evoca al mundo textil.<\/p>","protected":false},"excerpt":{"rendered":"<p>Pieza que destaca por su juego de vol\u00famenes que, gracias a la tecnolog\u00eda digital m\u00e1s avanzada, no s\u00f3lo se decoran con gr\u00e1ficas, sino tambi\u00e9n con texturas y efectos que enriquecen el efecto visual. Esta pieza de tonalidades m\u00e1s suaves evoca al mundo textil.<\/p>\n","protected":false},"featured_media":116650,"comment_status":"open","ping_status":"closed","template":"","meta":[],"product_brand":[],"product_cat":[305,304],"product_tag":[],"class_list":{"0":"post-116648","1":"product","2":"type-product","3":"status-publish","4":"has-post-thumbnail","6":"product_cat-banos","7":"product_cat-revestimiento","9":"first","10":"outofstock","11":"shipping-taxable","12":"purchasable","13":"product-type-simple"},"_links":{"self":[{"href":"https:\/\/tilefly.com\/it\/wp-json\/wp\/v2\/product\/116648","targetHints":{"allow":["GET"]}}],"collection":[{"href":"https:\/\/tilefly.com\/it\/wp-json\/wp\/v2\/product"}],"about":[{"href":"https:\/\/tilefly.com\/it\/wp-json\/wp\/v2\/types\/product"}],"replies":[{"embeddable":true,"href":"https:\/\/tilefly.com\/it\/wp-json\/wp\/v2\/comments?post=116648"}],"wp:featuredmedia":[{"embeddable":true,"href":"https:\/\/tilefly.com\/it\/wp-json\/wp\/v2\/media\/116650"}],"wp:attachment":[{"href":"https:\/\/tilefly.com\/it\/wp-json\/wp\/v2\/media?parent=116648"}],"wp:term":[{"taxonomy":"product_brand","embeddable":true,"href":"https:\/\/tilefly.com\/it\/wp-json\/wp\/v2\/product_brand?post=116648"},{"taxonomy":"product_cat","embeddable":true,"href":"https:\/\/tilefly.com\/it\/wp-json\/wp\/v2\/product_cat?post=116648"},{"taxonomy":"product_tag","embeddable":true,"href":"https:\/\/tilefly.com\/it\/wp-json\/wp\/v2\/product_tag?post=116648"}],"curies":[{"name":"wp","href":"https:\/\/api.w.org\/{rel}","templated":true}]}}