{"id":579553,"date":"2025-10-13T13:28:01","date_gmt":"2025-10-13T11:28:01","guid":{"rendered":"https:\/\/tilefly.com\/aviso-legal-2\/"},"modified":"2025-10-23T17:41:18","modified_gmt":"2025-10-23T15:41:18","slug":"avviso-legale","status":"publish","type":"page","link":"https:\/\/tilefly.com\/it\/avviso-legale\/","title":{"rendered":"Avviso Legale"},"content":{"rendered":"<div class=\"bloque container\"><h5><strong>OGGETTO.<\/strong><\/h5><p>Le seguenti condizioni legali regolano l&#8217;accesso e l&#8217;utilizzo del sito web <br \/><a href=\"https:\/\/tilefly.com\/\">www.tilefly.com <\/a>(di seguito \u201csito\u201d) e della pagina web di propriet\u00e0 del titolare Monde Tiles S.L., di seguito denominato TILEFLY.<\/p><p>NIF: B44525111<\/p><p>Indirizzo CUSTA VILLAREAL ONDA S\/N, 1300, Onda, Castell\u00f3n, Spagna.<\/p><p>Email: <a href=\"mailto:info@tilefly.com\">info@tilefly.com<\/a><\/p><p>Telefono: +34 964052488<\/p><p>L&#8217;accesso e l&#8217;utilizzo di questo sito implicano che l&#8217;utente (di seguito denominato \u201cutente\u201d) dichiari di aver letto e compreso le presenti condizioni legali d&#8217;uso e si impegna a rispettarle integralmente.<\/p><p>Se non accetti una delle seguenti condizioni, devi abbandonare questo sito e smettere di accedervi.<\/p><p>&nbsp;<\/p><h5><strong>PROPRIET\u00c0 DEL SITO WEB TILEFLY.COM<\/strong><\/h5><p>In conformit\u00e0 con la Legge 34\/2002 dell&#8217;11 luglio e con le altre normative applicabili, informiamo che questo sito web \u00e8 di propriet\u00e0 di Monde Tiles S.L con codice fiscale B44525111.<\/p><p>\u00c8 possibile contattare TILEFLY al numero di telefono +34 964052488 o all&#8217;indirizzo e-mail <br \/>  <a href=\"mailto:info@tilefly.com\">info@tilefly.com<\/a><\/p><p>Salvo diversamente specificato, le comunicazioni con TILEFLY potranno essere effettuate tramite posta ordinaria all&#8217;indirizzo fisico sopra indicato o tramite e-mail all&#8217;indirizzo <a href=\"mailto:info@tilefly.com\">info@tilefly.com<\/a>.<br \/> TILEFLY contatter\u00e0 l&#8217;utente tramite e-mail all&#8217;indirizzo in suo possesso o fornito a tale scopo. <\/p><p>&nbsp;<\/p><h5><strong>FUNZIONAMENTO DEL SITO WEB TILEFLY.COM<\/strong><\/h5><p>TILEFLY si riserva il diritto, in qualsiasi momento, unilateralmente e senza necessit\u00e0 di previa notifica agli utenti, di modificare i contenuti, la struttura, l&#8217;usabilit\u00e0, il funzionamento o le condizioni di accesso a questo sito.<\/p><p>Tuttavia, gli utenti del sito accettano e sono consapevoli che alcune delle informazioni contenute nel sito potrebbero essere errate, incomplete, non aggiornate o contenere errori tipografici. TILEFLY non \u00e8 tenuta ad aggiornare costantemente il contenuto del sito e non \u00e8 responsabile del mancato aggiornamento di tale contenuto. L&#8217;utente ha la responsabilit\u00e0 esclusiva di valutare l&#8217;accuratezza e\/o l&#8217;utilit\u00e0 di qualsiasi consiglio, opinione, informazione o qualsiasi altro tipo di contenuto ospitato da questo sito.  <\/p><p>Allo stesso modo, TILEFLY si riserva il diritto, senza necessit\u00e0 di preavviso, di sospendere temporaneamente l&#8217;accesso a questo sito per effettuare operazioni di aggiornamento, gestione, manutenzione, miglioramento o riparazione del sito.<\/p><p>All&#8217;utente \u00e8 vietato utilizzare il sito web per inviare, pubblicare o trasmettere qualsiasi contenuto o materiale illegale, calunnioso, diffamatorio, minaccioso, propagandistico, pornografico, scandaloso, osceno o qualsiasi altro contenuto che possa dar luogo a responsabilit\u00e0 penali o civili ai sensi della legislazione applicabile. In caso di verificarsi dei fatti sopra menzionati, la responsabilit\u00e0 ricadr\u00e0 sull&#8217;utente. <\/p><p>TILEFLY non garantisce che questo sito web o i server che lo ospitano siano privi di virus o altri tipi di software potenzialmente pericolosi, n\u00e9 garantisce la continuit\u00e0, la disponibilit\u00e0, l&#8217;utilit\u00e0 e l&#8217;infallibilit\u00e0 del funzionamento di questo sito, dei suoi servizi o dei suoi contenuti; n\u00e9 garantisce l&#8217;affidabilit\u00e0, la legalit\u00e0 o l&#8217;utilit\u00e0 delle informazioni e dei contenuti trasmessi da terzi attraverso questo sito.<\/p><p>In generale, solo le persone fisiche e giuridiche con sufficiente capacit\u00e0 giuridica ai sensi della legislazione applicabile possono utilizzare questo sito. In via eccezionale, possono utilizzare il sito i minori che hanno ottenuto il previo consenso dei genitori o dei tutori legali, i quali saranno responsabili dell&#8217;uso che il minore a loro carico fa del sito. <\/p><p>&nbsp;<\/p><h5><strong>COMPORTAMENTO DEGLI UTENTI E DIVIETI.<\/strong><\/h5><p>L&#8217;utilizzo dei servizi e dei contenuti offerti da TILEFLY sar\u00e0 sotto l&#8217;esclusiva responsabilit\u00e0 e a rischio dell&#8217;utente.<\/p><p>TILEFLY non si assume alcun impegno n\u00e9 obbligo di verificare o controllare i contenuti e le informazioni trasmessi dagli utenti.<\/p><p>L&#8217;utente si impegna a utilizzare il sito web, i suoi servizi e tutti i suoi contenuti sempre nel rispetto della legge, del buon costume, in modo diligente e soggetto alle presenti condizioni generali, mantenendo sempre il rispetto verso gli altri utenti.<\/p><p>Allo stesso modo, l&#8217;utente si impegna a fare un uso adeguato delle informazioni, dei contenuti e dei materiali presenti sul sito web, non utilizzandoli per svolgere attivit\u00e0 costituenti reato o illecite, che violino la normativa in materia di propriet\u00e0 intellettuale e industriale, che ledano i diritti di terzi o qualsiasi altra norma dell&#8217;ordinamento giuridico applicabile, essendo l&#8217;unico responsabile nei confronti di TILEFLY e di terzi per il mancato rispetto di quanto qui stabilito.<\/p><p>L&#8217;utente si impegna a non introdurre, diffondere, trasmettere o mettere a disposizione di terzi qualsiasi tipo di informazione o materiale contrario alla legge, all&#8217;ordine pubblico, alla morale e alle presenti condizioni generali d&#8217;uso.<\/p><p>In ogni caso, l&#8217;utente dovr\u00e0 sempre fornire informazioni veritiere che non possano portare ad alcun tipo di errore, nonch\u00e9 dati identificativi corretti, senza mai sostituirsi a terzi o agire per conto di questi ultimi.<\/p><p>In relazione alla violazione di qualsiasi irregolarit\u00e0, ricordiamo che, con il semplice accesso al nostro sito web, l&#8217;indirizzo IP del vostro computer viene registrato.<\/p><p>&nbsp;<\/p><h5><strong>AREE PROTETTE DEL SITO WEB.<\/strong><\/h5><p>In genere, per accedere ai servizi e al sito di TILEFLY non \u00e8 necessario che l&#8217;utente si registri o si iscriva.<\/p><p>L&#8217;utilizzo di determinati servizi potr\u00e0 essere subordinato alla previa creazione di un account personale tramite la registrazione dell&#8217;utente. Il processo di registrazione avverr\u00e0 secondo le modalit\u00e0 espressamente indicate sul sito web. <\/p><p>Questo sito pu\u00f2 contenere aree ad accesso riservato, protette da password, identificativi o altri meccanismi di sicurezza. L&#8217;utente non tenter\u00e0 di accedere a tali aree ad accesso riservato se non debitamente autorizzato da TILEFLY, n\u00e9 tenter\u00e0 di eludere o manipolare i meccanismi di protezione da essa stabiliti. <\/p><p>L&#8217;utente che \u00e8 stato autorizzato da TILEFLY ad accedere a una di queste aree protette sar\u00e0 l&#8217;unico responsabile di mantenere il massimo riserbo e di non divulgare a terzi le password, gli identificativi e gli altri metodi di sicurezza che TILEFLY mette a sua disposizione per accedere alle aree riservate. Pertanto, l&#8217;utente sar\u00e0 l&#8217;unico responsabile dei danni derivanti dalla mancata riservatezza dei suddetti meccanismi di sicurezza. <\/p><p>Si informa l&#8217;utente che il tentativo di accesso non autorizzato alle aree riservate di questo sito pu\u00f2 essere soggetto a responsabilit\u00e0 civile e\/o penale.<\/p><p>&nbsp;<\/p><h5><strong>PROPRIET\u00c0 INTELLETTUALE E INDUSTRIALE.<\/strong><\/h5><p>Tutti i contenuti del sito, inclusi, a titolo esemplificativo e non esaustivo, marchi commerciali, grafica, loghi, immagini, file audio e video, software, codice di programmazione, testi, icone e nomi che identificano i servizi (di seguito \u201ci materiali\u201d) sono di propriet\u00e0 di TILEFLY e sono protetti dalla legislazione vigente in materia di diritti di propriet\u00e0 intellettuale e industriale.<\/p><p>L&#8217;accesso dell&#8217;utente a questo sito non implica alcun tipo di trasmissione, rinuncia o cessione, totale o parziale, di tali diritti di propriet\u00e0. Pertanto, l&#8217;accesso a questi contenuti o elementi non conferisce in alcun caso all&#8217;utente la possibilit\u00e0 di copiare, vendere, riprodurre, modificare, cedere, pubblicare, trasmettere o creare nuovi prodotti o servizi derivati dalle informazioni e dagli elementi qui contenuti. <\/p><p>Per questo motivo, salvo previa autorizzazione espressa e scritta da parte di TILEFLY, l&#8217;utente di questo sito non potr\u00e0 copiare, scaricare, distribuire, modificare, cancellare, alterare, sopprimere, pubblicare, trasmettere o sfruttare in alcun modo i materiali del sito.<\/p><p>L&#8217;utente non acquisisce alcun diritto o licenza in relazione al servizio o agli elementi in esso contenuti, ad eccezione del diritto limitato di utilizzare il servizio in conformit\u00e0 con le condizioni applicabili. Potr\u00e0 utilizzare i contenuti o gli elementi a cui accede tramite i servizi di TILEFLY solo per uso personale e per le proprie esigenze, impegnandosi a non effettuare, direttamente o indirettamente, uno sfruttamento commerciale dei servizi, dei materiali, degli elementi, dei contenuti o delle informazioni ottenuti tramite gli stessi. <\/p><p>&nbsp;<\/p><h5><strong>PROTEZIONE DEI DATI E POLITICA SULLA PRIVACY.<\/strong><\/h5><p>Consultare la sezione <a href=\"https:\/\/tilefly.com\/it\/politica-de-privacidad-2\/\">Informativa sulla privacy<\/a><\/p><p>&nbsp;<\/p><h5><strong>POLITICA SULL&#8217;UTILIZZO DEI COOKIE.<\/strong><\/h5><p>Consultare la sezione <a href=\"https:\/\/tilefly.com\/it\/politica-de-privacidad-2\/\">Informativa sulla privacy<\/a><\/p><p>&nbsp;<\/p><h5><strong>CONDIZIONI DI VENDITA E RESTITUZIONE.<\/strong><\/h5><p>Consultare la sezione <a href=\"https:\/\/tilefly.com\/it\/faq\/anulacion-o-devolucion-de-pedido\/\">Condizioni di vendita e restituzione<\/a><\/p><p>&nbsp;<\/p><h5><strong>INFORMAZIONI TRASMESSE DAGLI UTENTI.<\/strong><\/h5><p>Questo sito pu\u00f2 contenere forum pubblici, chat room e altri meccanismi attraverso i quali gli utenti possono scambiarsi file in formato elettronico o esprimere le proprie opinioni. Le comunicazioni, le informazioni e i file inviati attraverso questi forum e chat room, insieme agli indirizzi e-mail e alle altre comunicazioni divulgate dagli utenti, non saranno considerati materiale riservato. <\/p><p>Quando gli utenti pubblicano o trasmettono qualsiasi tipo di informazione su questo sito, autorizzano TILEFLY a utilizzare tali informazioni, inclusi, senza limitazioni, l&#8217;utilizzo, la trasmissione, la riproduzione, la pubblicazione o l&#8217;invio di tali informazioni per qualsiasi scopo, inclusi, senza limitazioni, la riproduzione, la trasmissione, la divulgazione, la pubblicazione o l&#8217;invio di tali informazioni.<\/p><p>TILEFLY non si assume alcuna responsabilit\u00e0 per il contenuto delle comunicazioni o delle informazioni inviate dai propri utenti attraverso queste aree.<\/p><p>&nbsp;<\/p><h5><strong>ESCLUSIONE DI GARANZIE E RESPONSABILIT\u00c0 DEL SITO.<\/strong><\/h5><p>Tutte le informazioni contenute in questo sito sono fornite \u201ccos\u00ec come sono\u201d, senza che TILEFLY fornisca garanzie di alcun tipo, implicite o esplicite, relative all&#8217;affidabilit\u00e0, accuratezza e completezza di questo sito. La societ\u00e0 TILEFLY non fornisce alcuna garanzia, implicita o esplicita, incluse, a titolo esemplificativo e non esaustivo, garanzie di commerciabilit\u00e0, qualit\u00e0 o idoneit\u00e0 per uno scopo particolare. <\/p><p>TILEFLY non garantisce inoltre che questo sito web, o i server che lo ospitano, siano privi di virus e altri tipi di software potenzialmente pericolosi.<\/p><p>TILEFLY non garantisce la continuit\u00e0, la disponibilit\u00e0, l&#8217;utilit\u00e0 e l&#8217;infallibilit\u00e0 del funzionamento di questo sito, dei suoi servizi o dei suoi contenuti, n\u00e9 l&#8217;affidabilit\u00e0 o l&#8217;utilit\u00e0 delle informazioni e dei contenuti forniti da terzi attraverso questo sito. Sebbene TILEFLY compia ogni ragionevole sforzo per garantire la disponibilit\u00e0, l&#8217;accessibilit\u00e0, la continuit\u00e0 e l&#8217;infallibilit\u00e0 del funzionamento e dei suoi servizi, TILEFLY non garantisce tali aspetti, poich\u00e9 possono essere influenzati da numerosi fattori esterni alla sua controllo. Di conseguenza, entro i limiti stabiliti dalla normativa vigente, non sar\u00e0 responsabile per i danni di qualsiasi natura causati all&#8217;utente a seguito della suddetta indisponibilit\u00e0, dei guasti di continuit\u00e0 e di accesso.  <\/p><p>&nbsp;<\/p><h5><strong>LIMITAZIONE DI RESPONSABILIT\u00c0.<\/strong><\/h5><p>TILEFLY non sar\u00e0 in alcun modo responsabile per eventuali danni diretti o indiretti, perdita di profitti o perdita di dati e\/o clienti derivanti dall&#8217;uso da parte degli utenti o dall&#8217;impossibilit\u00e0 di utilizzare questo sito.<\/p><p>Questo sito pu\u00f2 contenere collegamenti ipertestuali (\u201cLink\u201d) e riferimenti ad altre pagine e siti web che potrebbero non essere controllati da TILEFLY. In tali casi, TILEFLY non sar\u00e0 responsabile dei contenuti che potrebbero essere presenti in tali pagine.<\/p><p>L&#8217;utente accetta espressamente di esonerare TILEFLY da qualsiasi responsabilit\u00e0 per atti od omissioni dell&#8217;utente basati sui contenuti e sulle informazioni ospitati su questo sito.<\/p><p>L&#8217;utente comprende e accetta espressamente che qualsiasi tipo di contenuto, software o qualsiasi altro tipo di materiale ottenuto, scaricato o acquisito in qualsiasi altro modo attraverso questo sito \u00e8 a proprio rischio e pericolo, e che lui, in qualit\u00e0 di utente, sar\u00e0 l&#8217;unico responsabile di eventuali danni o perdite di dati causati ai propri sistemi informatici.<\/p><p>TILEFLY ha adottato tutte le misure ragionevoli per garantire che le informazioni contenute in questo sito siano corrette. Tuttavia, gli utenti del sito accettano di essere consapevoli che alcune delle informazioni contenute in questo sito potrebbero essere incomplete, errate, non aggiornate o contenere errori. <\/p><p>&nbsp;<\/p><h5><strong>DIRITTO DI ESCLUSIONE E NULLIT\u00c0 PARZIALE.<\/strong><\/h5><p>TILEFLY si riserva il diritto di eliminare, cancellare o disautorizzare l&#8217;utilizzo di tutti o alcuni dei servizi del sito web a qualsiasi utente senza preavviso se, a suo giudizio e in qualsiasi circostanza, questi ne facesse un uso improprio.<\/p><p>Se un tribunale competente stabilisce che una qualsiasi delle disposizioni contenute nelle presenti condizioni legali \u00e8 illegale o nulla, tale disposizione sar\u00e0 esclusa se richiesto dalla legge. L&#8217;utente accetta espressamente che le restanti disposizioni non escluse non saranno modificate e continueranno ad avere piena validit\u00e0. <\/p><p>&nbsp;<\/p><h5><strong>LEGGE APPLICABILE E GIURISDIZIONE.<\/strong><\/h5><p>Questo sito \u00e8 situato e gestito dalla Spagna. Tutte le questioni relative a questo sito sono regolate dalle leggi spagnole e sono soggette alla giurisdizione dei tribunali competenti della Spagna, senza che siano applicabili i principi sul conflitto di leggi. Nei casi in cui l&#8217;utente non abbia la qualifica di consumatore o abbia la propria residenza al di fuori della Spagna, TILEFLY e l&#8217;utente si sottoporranno ai tribunali di Castell\u00f3n. Con espressa rinuncia a qualsiasi altra giurisdizione che potrebbe essere loro applicabile.   <\/p><p>Se l&#8217;utente decide di consultare o utilizzare questo sito al di fuori della Spagna, deve tenere presente che lo fa di propria iniziativa ed \u00e8 responsabile del rispetto delle leggi locali pertinenti.<\/p><p>&nbsp;<\/p><h5><strong>DURATA E REVISIONE.<\/strong><\/h5><p>Sebbene il rapporto giuridico tra TILEFLY e l&#8217;utente, derivante dall&#8217;accesso e dall&#8217;utilizzo del sito, abbia durata indefinita, esso si intender\u00e0 concluso nel momento in cui la societ\u00e0 modificher\u00e0 le presenti condizioni generali. Nel momento in cui la societ\u00e0 annuncer\u00e0 la modifica delle condizioni generali e l&#8217;utente acceder\u00e0 e utilizzer\u00e0 il sito, il rapporto tra le due parti sar\u00e0 di natura indefinita. <\/p><p>Fermo restando quanto sopra, la societ\u00e0 TILEFLY ha il diritto di interrompere, sospendere o terminare unilateralmente, in qualsiasi momento e senza preavviso n\u00e9 giusta causa, la fornitura di qualsiasi servizio offerto.<\/p><p>TILEFLY si riserva il diritto di modificare, unilateralmente e senza preavviso, le presenti condizioni d&#8217;uso in qualsiasi momento. Le condizioni modificate entreranno in vigore non appena pubblicate su questo sito. Se l&#8217;utente fa un uso abituale di questo sito, dovr\u00e0 controllare regolarmente le condizioni e rinunciare ad accedere al sito se non ritiene accettabili le condizioni modificate.  <\/p><p>Allo stesso modo, la informiamo della possibilit\u00e0 di esercitare i diritti di accesso, cancellazione, rettifica e opposizione dei suoi dati personali, gratuitamente tramite e-mail all&#8217;indirizzo <br \/>  <a href=\"mailto:info@tilefly.com\">info@tilefly.com<\/a><br \/>  <br \/>o all&#8217;indirizzo postale: CUSTA VILLAREAL ONDA S\/N, 12200 ONDA, CASTELLON.<\/p><p>&nbsp;<\/p><\/div><h5><\/h5>","protected":false},"excerpt":{"rendered":"","protected":false},"author":65821,"featured_media":0,"parent":0,"menu_order":0,"comment_status":"closed","ping_status":"closed","template":"","meta":{"footnotes":""},"class_list":["post-579553","page","type-page","status-publish","hentry"],"_links":{"self":[{"href":"https:\/\/tilefly.com\/it\/wp-json\/wp\/v2\/pages\/579553","targetHints":{"allow":["GET"]}}],"collection":[{"href":"https:\/\/tilefly.com\/it\/wp-json\/wp\/v2\/pages"}],"about":[{"href":"https:\/\/tilefly.com\/it\/wp-json\/wp\/v2\/types\/page"}],"author":[{"embeddable":true,"href":"https:\/\/tilefly.com\/it\/wp-json\/wp\/v2\/users\/65821"}],"replies":[{"embeddable":true,"href":"https:\/\/tilefly.com\/it\/wp-json\/wp\/v2\/comments?post=579553"}],"version-history":[{"count":2,"href":"https:\/\/tilefly.com\/it\/wp-json\/wp\/v2\/pages\/579553\/revisions"}],"predecessor-version":[{"id":583053,"href":"https:\/\/tilefly.com\/it\/wp-json\/wp\/v2\/pages\/579553\/revisions\/583053"}],"wp:attachment":[{"href":"https:\/\/tilefly.com\/it\/wp-json\/wp\/v2\/media?parent=579553"}],"curies":[{"name":"wp","href":"https:\/\/api.w.org\/{rel}","templated":true}]}}