{"id":82349,"date":"2020-09-08T15:10:44","date_gmt":"2020-09-08T13:10:44","guid":{"rendered":"https:\/\/tilefly.com\/producto\/azulejo-porcelanico-loft-light-grey-natural-80x80\/"},"modified":"2024-04-26T21:15:35","modified_gmt":"2024-04-26T19:15:35","slug":"azulejo-porcelanico-loft-light-grey-natural-80x80","status":"publish","type":"product","link":"https:\/\/tilefly.com\/fr\/produit\/azulejo-porcelanico-loft-light-grey-natural-80x80\/","title":{"rendered":"LOFT LIGHT GREY NATURAL 80X80"},"content":{"rendered":"<p>Porcel\u00e1nico esmaltado con diferentes acabados<\/p><p>Serie que recrea el cemento natural en busca de espacios de inspiraci\u00f3n industrial y cosmopolita.<\/p><p>La serie Loft es un porcel\u00e1nico inspirado en el cemento que dota al espacio donde se aplica de un acabado industrial y urbanita al m\u00e1s puro estilo neoyorquino. En esta serie est\u00e1 comprendida por cinco tonalidades, con tres formatos y tres acabados \u2013 natural, pulido y lappato- en cada una de ellas. Adem\u00e1s, la serie se completa con tres soluciones decorativas con gran car\u00e1cter e identidad. Por todo ello, Loft es la colecci\u00f3n en s\u00ed misma. Sus numerosas combinaciones y aplicaciones har\u00e1n del espacio en el que se coloquen un lugar de dise\u00f1o y gran personalidad.<\/p>","protected":false},"excerpt":{"rendered":"<p>Porcel\u00e1nico esmaltado con diferentes acabadosSerie que recrea el cemento natural en busca de espacios de inspiraci\u00f3n industrial y cosmopolita.La serie Loft es un porcel\u00e1nico inspirado en el cemento que dota al espacio donde se aplica de un acabado industrial y urbanita al m\u00e1s puro estilo neoyorquino. En esta serie est\u00e1 comprendida por cinco tonalidades, con [&hellip;]<\/p>\n","protected":false},"featured_media":82351,"comment_status":"open","ping_status":"closed","template":"","meta":[],"product_brand":[],"product_cat":[303,305,306,304],"product_tag":[],"class_list":{"0":"post-82349","1":"product","2":"type-product","3":"status-publish","4":"has-post-thumbnail","6":"product_cat-baldosas","7":"product_cat-banos","8":"product_cat-cocina","9":"product_cat-revestimiento","11":"first","12":"outofstock","13":"shipping-taxable","14":"purchasable","15":"product-type-simple"},"_links":{"self":[{"href":"https:\/\/tilefly.com\/fr\/wp-json\/wp\/v2\/product\/82349","targetHints":{"allow":["GET"]}}],"collection":[{"href":"https:\/\/tilefly.com\/fr\/wp-json\/wp\/v2\/product"}],"about":[{"href":"https:\/\/tilefly.com\/fr\/wp-json\/wp\/v2\/types\/product"}],"replies":[{"embeddable":true,"href":"https:\/\/tilefly.com\/fr\/wp-json\/wp\/v2\/comments?post=82349"}],"wp:featuredmedia":[{"embeddable":true,"href":"https:\/\/tilefly.com\/fr\/wp-json\/wp\/v2\/media\/82351"}],"wp:attachment":[{"href":"https:\/\/tilefly.com\/fr\/wp-json\/wp\/v2\/media?parent=82349"}],"wp:term":[{"taxonomy":"product_brand","embeddable":true,"href":"https:\/\/tilefly.com\/fr\/wp-json\/wp\/v2\/product_brand?post=82349"},{"taxonomy":"product_cat","embeddable":true,"href":"https:\/\/tilefly.com\/fr\/wp-json\/wp\/v2\/product_cat?post=82349"},{"taxonomy":"product_tag","embeddable":true,"href":"https:\/\/tilefly.com\/fr\/wp-json\/wp\/v2\/product_tag?post=82349"}],"curies":[{"name":"wp","href":"https:\/\/api.w.org\/{rel}","templated":true}]}}