{"id":65586,"date":"2019-09-13T14:17:08","date_gmt":"2019-09-13T12:17:08","guid":{"rendered":"https:\/\/tilefly.com\/producto\/decorado-mosaicos-imitacion-marmol-imitacion-piedra-pasta-blanca-revestimiento-banos-salon-cocina-cara034618\/"},"modified":"2024-05-06T03:03:17","modified_gmt":"2024-05-06T01:03:17","slug":"decorado-mosaicos-imitacion-marmol-imitacion-piedra-pasta-blanca-revestimiento-banos-salon-cocina-cara034618","status":"publish","type":"product","link":"https:\/\/tilefly.com\/fr\/produit\/decorado-mosaicos-imitacion-marmol-imitacion-piedra-pasta-blanca-revestimiento-banos-salon-cocina-cara034618\/","title":{"rendered":"MARS BEIGE 7,5X30"},"content":{"rendered":"<h1><strong>Azulejo Pasta Blanca MARS BEIGE 7,5X30<\/strong><\/h1><p>Este azulejo Pasta Blanca en formato 7,5X30 cm, acabado Mate y color Marr\u00f3n es perfecto para tu hogar. Su material de fabricaci\u00f3n es Pasta Blanca.<\/p><p>Caracter\u00edsticas especiales: Decorado, Imitaci\u00f3n m\u00e1rmol, Imitaci\u00f3n piedra, Mosaicos<\/p>","protected":false},"excerpt":{"rendered":"<p>Azulejo Pasta Blanca MARS BEIGE 7,5X30Este azulejo Pasta Blanca en formato 7,5X30 cm, acabado Mate y color Marr\u00f3n es perfecto para tu hogar. Su material de fabricaci\u00f3n es Pasta Blanca.Caracter\u00edsticas especiales: Decorado, Imitaci\u00f3n m\u00e1rmol, Imitaci\u00f3n piedra, Mosaicos<\/p>\n","protected":false},"featured_media":65587,"comment_status":"closed","ping_status":"closed","template":"","meta":[],"product_brand":[],"product_cat":[305,306,304,307],"product_tag":[],"class_list":{"0":"post-65586","1":"product","2":"type-product","3":"status-publish","4":"has-post-thumbnail","6":"product_cat-banos","7":"product_cat-cocina","8":"product_cat-revestimiento","9":"product_cat-salon","11":"first","12":"outofstock","13":"shipping-taxable","14":"purchasable","15":"product-type-simple"},"_links":{"self":[{"href":"https:\/\/tilefly.com\/fr\/wp-json\/wp\/v2\/product\/65586","targetHints":{"allow":["GET"]}}],"collection":[{"href":"https:\/\/tilefly.com\/fr\/wp-json\/wp\/v2\/product"}],"about":[{"href":"https:\/\/tilefly.com\/fr\/wp-json\/wp\/v2\/types\/product"}],"replies":[{"embeddable":true,"href":"https:\/\/tilefly.com\/fr\/wp-json\/wp\/v2\/comments?post=65586"}],"wp:featuredmedia":[{"embeddable":true,"href":"https:\/\/tilefly.com\/fr\/wp-json\/wp\/v2\/media\/65587"}],"wp:attachment":[{"href":"https:\/\/tilefly.com\/fr\/wp-json\/wp\/v2\/media?parent=65586"}],"wp:term":[{"taxonomy":"product_brand","embeddable":true,"href":"https:\/\/tilefly.com\/fr\/wp-json\/wp\/v2\/product_brand?post=65586"},{"taxonomy":"product_cat","embeddable":true,"href":"https:\/\/tilefly.com\/fr\/wp-json\/wp\/v2\/product_cat?post=65586"},{"taxonomy":"product_tag","embeddable":true,"href":"https:\/\/tilefly.com\/fr\/wp-json\/wp\/v2\/product_tag?post=65586"}],"curies":[{"name":"wp","href":"https:\/\/api.w.org\/{rel}","templated":true}]}}