{"id":65268,"date":"2019-09-13T14:12:43","date_gmt":"2019-09-13T12:12:43","guid":{"rendered":"https:\/\/tilefly.com\/producto\/imitacion-madera-porcelanico-baldosas-revestimiento-banos-salon-cocina-cara032731\/"},"modified":"2024-05-06T03:03:08","modified_gmt":"2024-05-06T01:03:08","slug":"imitacion-madera-porcelanico-baldosas-revestimiento-banos-salon-cocina-cara032731","status":"publish","type":"product","link":"https:\/\/tilefly.com\/fr\/produit\/imitacion-madera-porcelanico-baldosas-revestimiento-banos-salon-cocina-cara032731\/","title":{"rendered":"CHEVRON PALERMO MUSTARD B 9,8X46,5"},"content":{"rendered":"<h1><strong>Azulejo Porcel\u00e1nico CHEVRON PALERMO MUSTARD B 9,8X46,5<\/strong><\/h1><p>Este azulejo Porcel\u00e1nico en formato 9,8X46,5 cm, acabado Mate y color Amarillo es perfecto para tu hogar. Su material de fabricaci\u00f3n es Porcel\u00e1nico.<\/p><p>Caracter\u00edsticas especiales: Imitaci\u00f3n madera<\/p>","protected":false},"excerpt":{"rendered":"<p>Azulejo Porcel\u00e1nico CHEVRON PALERMO MUSTARD B 9,8X46,5Este azulejo Porcel\u00e1nico en formato 9,8X46,5 cm, acabado Mate y color Amarillo es perfecto para tu hogar. Su material de fabricaci\u00f3n es Porcel\u00e1nico.Caracter\u00edsticas especiales: Imitaci\u00f3n madera<\/p>\n","protected":false},"featured_media":65269,"comment_status":"closed","ping_status":"closed","template":"","meta":[],"product_brand":[],"product_cat":[303,305,306,304,307],"product_tag":[],"class_list":{"0":"post-65268","1":"product","2":"type-product","3":"status-publish","4":"has-post-thumbnail","6":"product_cat-baldosas","7":"product_cat-banos","8":"product_cat-cocina","9":"product_cat-revestimiento","10":"product_cat-salon","12":"first","13":"outofstock","14":"shipping-taxable","15":"purchasable","16":"product-type-simple"},"_links":{"self":[{"href":"https:\/\/tilefly.com\/fr\/wp-json\/wp\/v2\/product\/65268","targetHints":{"allow":["GET"]}}],"collection":[{"href":"https:\/\/tilefly.com\/fr\/wp-json\/wp\/v2\/product"}],"about":[{"href":"https:\/\/tilefly.com\/fr\/wp-json\/wp\/v2\/types\/product"}],"replies":[{"embeddable":true,"href":"https:\/\/tilefly.com\/fr\/wp-json\/wp\/v2\/comments?post=65268"}],"wp:featuredmedia":[{"embeddable":true,"href":"https:\/\/tilefly.com\/fr\/wp-json\/wp\/v2\/media\/65269"}],"wp:attachment":[{"href":"https:\/\/tilefly.com\/fr\/wp-json\/wp\/v2\/media?parent=65268"}],"wp:term":[{"taxonomy":"product_brand","embeddable":true,"href":"https:\/\/tilefly.com\/fr\/wp-json\/wp\/v2\/product_brand?post=65268"},{"taxonomy":"product_cat","embeddable":true,"href":"https:\/\/tilefly.com\/fr\/wp-json\/wp\/v2\/product_cat?post=65268"},{"taxonomy":"product_tag","embeddable":true,"href":"https:\/\/tilefly.com\/fr\/wp-json\/wp\/v2\/product_tag?post=65268"}],"curies":[{"name":"wp","href":"https:\/\/api.w.org\/{rel}","templated":true}]}}