{"id":64922,"date":"2019-09-13T14:07:12","date_gmt":"2019-09-13T12:07:12","guid":{"rendered":"https:\/\/tilefly.com\/producto\/mosaicos-porcelanico-baldosas-revestimiento-banos-salon-cocina-cara026667\/"},"modified":"2025-05-27T23:25:48","modified_gmt":"2025-05-27T21:25:48","slug":"mosaicos-porcelanico-baldosas-revestimiento-banos-salon-cocina-cara026667","status":"publish","type":"product","link":"https:\/\/tilefly.com\/fr\/produit\/mosaicos-porcelanico-baldosas-revestimiento-banos-salon-cocina-cara026667\/","title":{"rendered":"MOSAICO SAN DIEGO CINDER 30X30"},"content":{"rendered":"<h1><strong>Azulejo Porcel\u00e1nico MOSAICO SAN DIEGO CINDER 30X30<\/strong><\/h1><p>Este azulejo Porcel\u00e1nico en formato  cm, acabado Mate y color Gris es perfecto para tu hogar. Su material de fabricaci\u00f3n es Porcel\u00e1nico.<\/p><p>Caracter\u00edsticas especiales: Mosaicos<\/p>","protected":false},"excerpt":{"rendered":"<p>Azulejo Porcel\u00e1nico MOSAICO SAN DIEGO CINDER 30X30Este azulejo Porcel\u00e1nico en formato cm, acabado Mate y color Gris es perfecto para tu hogar. Su material de fabricaci\u00f3n es Porcel\u00e1nico.Caracter\u00edsticas especiales: Mosaicos<\/p>\n","protected":false},"featured_media":64923,"comment_status":"closed","ping_status":"closed","template":"","meta":[],"product_brand":[],"product_cat":[303,305,306,304,307],"product_tag":[],"class_list":{"0":"post-64922","1":"product","2":"type-product","3":"status-publish","4":"has-post-thumbnail","6":"product_cat-baldosas","7":"product_cat-banos","8":"product_cat-cocina","9":"product_cat-revestimiento","10":"product_cat-salon","12":"first","13":"outofstock","14":"shipping-taxable","15":"purchasable","16":"product-type-simple"},"_links":{"self":[{"href":"https:\/\/tilefly.com\/fr\/wp-json\/wp\/v2\/product\/64922","targetHints":{"allow":["GET"]}}],"collection":[{"href":"https:\/\/tilefly.com\/fr\/wp-json\/wp\/v2\/product"}],"about":[{"href":"https:\/\/tilefly.com\/fr\/wp-json\/wp\/v2\/types\/product"}],"replies":[{"embeddable":true,"href":"https:\/\/tilefly.com\/fr\/wp-json\/wp\/v2\/comments?post=64922"}],"wp:featuredmedia":[{"embeddable":true,"href":"https:\/\/tilefly.com\/fr\/wp-json\/wp\/v2\/media\/64923"}],"wp:attachment":[{"href":"https:\/\/tilefly.com\/fr\/wp-json\/wp\/v2\/media?parent=64922"}],"wp:term":[{"taxonomy":"product_brand","embeddable":true,"href":"https:\/\/tilefly.com\/fr\/wp-json\/wp\/v2\/product_brand?post=64922"},{"taxonomy":"product_cat","embeddable":true,"href":"https:\/\/tilefly.com\/fr\/wp-json\/wp\/v2\/product_cat?post=64922"},{"taxonomy":"product_tag","embeddable":true,"href":"https:\/\/tilefly.com\/fr\/wp-json\/wp\/v2\/product_tag?post=64922"}],"curies":[{"name":"wp","href":"https:\/\/api.w.org\/{rel}","templated":true}]}}