{"id":64372,"date":"2019-09-13T14:00:58","date_gmt":"2019-09-13T12:00:58","guid":{"rendered":"https:\/\/tilefly.com\/producto\/decorado-pasta-blanca-revestimiento-banos-salon-cocina-cara019006\/"},"modified":"2025-05-27T23:25:38","modified_gmt":"2025-05-27T21:25:38","slug":"decorado-pasta-blanca-revestimiento-banos-salon-cocina-cara019006","status":"publish","type":"product","link":"https:\/\/tilefly.com\/fr\/produit\/decorado-pasta-blanca-revestimiento-banos-salon-cocina-cara019006\/","title":{"rendered":"DECOR CAPRICCIO II NATURAL  7,5X15"},"content":{"rendered":"<h1><strong>Azulejo Pasta Blanca DECOR CAPRICCIO II NATURAL  7,5X15<\/strong><\/h1><p>Este azulejo Pasta Blanca en formato  cm, acabado Brillo y color Marr\u00f3n es perfecto para tu hogar. Su material de fabricaci\u00f3n es Pasta Blanca.<\/p><p>Caracter\u00edsticas especiales: Decorado<\/p>","protected":false},"excerpt":{"rendered":"<p>Azulejo Pasta Blanca DECOR CAPRICCIO II NATURAL 7,5X15Este azulejo Pasta Blanca en formato cm, acabado Brillo y color Marr\u00f3n es perfecto para tu hogar. Su material de fabricaci\u00f3n es Pasta Blanca.Caracter\u00edsticas especiales: Decorado<\/p>\n","protected":false},"featured_media":64373,"comment_status":"closed","ping_status":"closed","template":"","meta":[],"product_brand":[],"product_cat":[305,306,304,307],"product_tag":[],"class_list":{"0":"post-64372","1":"product","2":"type-product","3":"status-publish","4":"has-post-thumbnail","6":"product_cat-banos","7":"product_cat-cocina","8":"product_cat-revestimiento","9":"product_cat-salon","11":"first","12":"outofstock","13":"shipping-taxable","14":"purchasable","15":"product-type-simple"},"_links":{"self":[{"href":"https:\/\/tilefly.com\/fr\/wp-json\/wp\/v2\/product\/64372","targetHints":{"allow":["GET"]}}],"collection":[{"href":"https:\/\/tilefly.com\/fr\/wp-json\/wp\/v2\/product"}],"about":[{"href":"https:\/\/tilefly.com\/fr\/wp-json\/wp\/v2\/types\/product"}],"replies":[{"embeddable":true,"href":"https:\/\/tilefly.com\/fr\/wp-json\/wp\/v2\/comments?post=64372"}],"wp:featuredmedia":[{"embeddable":true,"href":"https:\/\/tilefly.com\/fr\/wp-json\/wp\/v2\/media\/64373"}],"wp:attachment":[{"href":"https:\/\/tilefly.com\/fr\/wp-json\/wp\/v2\/media?parent=64372"}],"wp:term":[{"taxonomy":"product_brand","embeddable":true,"href":"https:\/\/tilefly.com\/fr\/wp-json\/wp\/v2\/product_brand?post=64372"},{"taxonomy":"product_cat","embeddable":true,"href":"https:\/\/tilefly.com\/fr\/wp-json\/wp\/v2\/product_cat?post=64372"},{"taxonomy":"product_tag","embeddable":true,"href":"https:\/\/tilefly.com\/fr\/wp-json\/wp\/v2\/product_tag?post=64372"}],"curies":[{"name":"wp","href":"https:\/\/api.w.org\/{rel}","templated":true}]}}