{"id":63986,"date":"2019-09-13T13:17:30","date_gmt":"2019-09-13T11:17:30","guid":{"rendered":"https:\/\/tilefly.com\/producto\/imitacion-cemento-masa-coloreada-porcelanico-baldosas-revestimiento-banos-salon-cocina-apa035362\/"},"modified":"2025-10-29T09:08:54","modified_gmt":"2025-10-29T08:08:54","slug":"imitacion-cemento-masa-coloreada-porcelanico-baldosas-revestimiento-banos-salon-cocina-apa035362","status":"publish","type":"product","link":"https:\/\/tilefly.com\/fr\/produit\/imitacion-cemento-masa-coloreada-porcelanico-baldosas-revestimiento-banos-salon-cocina-apa035362\/","title":{"rendered":"WORK B BIANCO RECT, 90X90"},"content":{"rendered":"<h1><strong>Azulejo Porcel\u00e1nico WORK B BIANCO RECT, 90X90<\/strong><\/h1><p>Este azulejo Porcel\u00e1nico en formato 90X90 cm, acabado Mate y color Blanco es perfecto para tu hogar. Su material de fabricaci\u00f3n es Porcel\u00e1nico.<\/p><p>Caracter\u00edsticas especiales: Imitaci\u00f3n cemento, Masa coloreada<\/p>","protected":false},"excerpt":{"rendered":"<p>Azulejo Porcel\u00e1nico WORK B BIANCO RECT, 90X90Este azulejo Porcel\u00e1nico en formato 90X90 cm, acabado Mate y color Blanco es perfecto para tu hogar. Su material de fabricaci\u00f3n es Porcel\u00e1nico.Caracter\u00edsticas especiales: Imitaci\u00f3n cemento, Masa coloreada<\/p>\n","protected":false},"featured_media":63987,"comment_status":"closed","ping_status":"closed","template":"","meta":[],"product_brand":[],"product_cat":[456,457,458,459,460],"product_tag":[],"class_list":{"0":"post-63986","1":"product","2":"type-product","3":"status-publish","4":"has-post-thumbnail","6":"product_cat-vohnzimmer","7":"product_cat-badezimmer","8":"product_cat-kuchen","9":"product_cat-wandfliesen","10":"product_cat-bodenfliesen","12":"first","13":"instock","14":"shipping-taxable","15":"purchasable","16":"product-type-simple"},"_links":{"self":[{"href":"https:\/\/tilefly.com\/fr\/wp-json\/wp\/v2\/product\/63986","targetHints":{"allow":["GET"]}}],"collection":[{"href":"https:\/\/tilefly.com\/fr\/wp-json\/wp\/v2\/product"}],"about":[{"href":"https:\/\/tilefly.com\/fr\/wp-json\/wp\/v2\/types\/product"}],"replies":[{"embeddable":true,"href":"https:\/\/tilefly.com\/fr\/wp-json\/wp\/v2\/comments?post=63986"}],"wp:featuredmedia":[{"embeddable":true,"href":"https:\/\/tilefly.com\/fr\/wp-json\/wp\/v2\/media\/63987"}],"wp:attachment":[{"href":"https:\/\/tilefly.com\/fr\/wp-json\/wp\/v2\/media?parent=63986"}],"wp:term":[{"taxonomy":"product_brand","embeddable":true,"href":"https:\/\/tilefly.com\/fr\/wp-json\/wp\/v2\/product_brand?post=63986"},{"taxonomy":"product_cat","embeddable":true,"href":"https:\/\/tilefly.com\/fr\/wp-json\/wp\/v2\/product_cat?post=63986"},{"taxonomy":"product_tag","embeddable":true,"href":"https:\/\/tilefly.com\/fr\/wp-json\/wp\/v2\/product_tag?post=63986"}],"curies":[{"name":"wp","href":"https:\/\/api.w.org\/{rel}","templated":true}]}}