{"id":63468,"date":"2019-09-13T12:42:47","date_gmt":"2019-09-13T10:42:47","guid":{"rendered":"https:\/\/tilefly.com\/producto\/decorado-imitacion-cemento-antideslizante-klinker-revestimiento-banos-salon-cocina-apa034454\/"},"modified":"2025-12-28T04:16:06","modified_gmt":"2025-12-28T03:16:06","slug":"decorado-imitacion-cemento-antideslizante-klinker-revestimiento-banos-salon-cocina-apa034454","status":"publish","type":"product","link":"https:\/\/tilefly.com\/fr\/produit\/decorado-imitacion-cemento-antideslizante-klinker-revestimiento-banos-salon-cocina-apa034454\/","title":{"rendered":"BORDE DESBORDANTE WABI SABBIA 28X66,5"},"content":{"rendered":"<h1><strong>Azulejo Klinker BORDE DESBORDANTE WABI SABBIA 28X66,5<\/strong><\/h1><p>Este azulejo Klinker en formato 28X66,5 cm, acabado Mate y color Gris, Marr\u00f3n es perfecto para tu hogar. Su material de fabricaci\u00f3n es Klinker.<\/p><p>Caracter\u00edsticas especiales: Antideslizante, Decorado, Imitaci\u00f3n cemento<\/p>","protected":false},"excerpt":{"rendered":"<p>Azulejo Klinker BORDE DESBORDANTE WABI SABBIA 28X66,5Este azulejo Klinker en formato 28X66,5 cm, acabado Mate y color Gris, Marr\u00f3n es perfecto para tu hogar. Su material de fabricaci\u00f3n es Klinker.Caracter\u00edsticas especiales: Antideslizante, Decorado, Imitaci\u00f3n cemento<\/p>\n","protected":false},"featured_media":63469,"comment_status":"closed","ping_status":"closed","template":"","meta":[],"product_brand":[],"product_cat":[354,355,356,357],"product_tag":[],"class_list":{"0":"post-63468","1":"product","2":"type-product","3":"status-publish","4":"has-post-thumbnail","6":"product_cat-carrelage-salle-de-bain","7":"product_cat-cuisines","8":"product_cat-faiences","9":"product_cat-carrelage-salon","11":"first","12":"instock","13":"shipping-taxable","14":"purchasable","15":"product-type-simple"},"_links":{"self":[{"href":"https:\/\/tilefly.com\/fr\/wp-json\/wp\/v2\/product\/63468","targetHints":{"allow":["GET"]}}],"collection":[{"href":"https:\/\/tilefly.com\/fr\/wp-json\/wp\/v2\/product"}],"about":[{"href":"https:\/\/tilefly.com\/fr\/wp-json\/wp\/v2\/types\/product"}],"replies":[{"embeddable":true,"href":"https:\/\/tilefly.com\/fr\/wp-json\/wp\/v2\/comments?post=63468"}],"wp:featuredmedia":[{"embeddable":true,"href":"https:\/\/tilefly.com\/fr\/wp-json\/wp\/v2\/media\/63469"}],"wp:attachment":[{"href":"https:\/\/tilefly.com\/fr\/wp-json\/wp\/v2\/media?parent=63468"}],"wp:term":[{"taxonomy":"product_brand","embeddable":true,"href":"https:\/\/tilefly.com\/fr\/wp-json\/wp\/v2\/product_brand?post=63468"},{"taxonomy":"product_cat","embeddable":true,"href":"https:\/\/tilefly.com\/fr\/wp-json\/wp\/v2\/product_cat?post=63468"},{"taxonomy":"product_tag","embeddable":true,"href":"https:\/\/tilefly.com\/fr\/wp-json\/wp\/v2\/product_tag?post=63468"}],"curies":[{"name":"wp","href":"https:\/\/api.w.org\/{rel}","templated":true}]}}