{"id":63312,"date":"2019-09-13T12:42:47","date_gmt":"2019-09-13T10:42:47","guid":{"rendered":"https:\/\/tilefly.com\/producto\/imitacion-cemento-masa-coloreada-porcelanico-baldosas-revestimiento-banos-salon-cocina-apa034320\/"},"modified":"2025-10-29T09:01:12","modified_gmt":"2025-10-29T08:01:12","slug":"imitacion-cemento-masa-coloreada-porcelanico-baldosas-revestimiento-banos-salon-cocina-apa034320","status":"publish","type":"product","link":"https:\/\/tilefly.com\/fr\/produit\/imitacion-cemento-masa-coloreada-porcelanico-baldosas-revestimiento-banos-salon-cocina-apa034320\/","title":{"rendered":"TABICA WORK B CENERE 15X120"},"content":{"rendered":"<h1><strong>Azulejo Porcel\u00e1nico TABICA WORK B CENERE 15X120<\/strong><\/h1><p>Este azulejo Porcel\u00e1nico en formato 15X120 cm, acabado Mate y color Gris es perfecto para tu hogar. Su material de fabricaci\u00f3n es Porcel\u00e1nico.<\/p><p>Caracter\u00edsticas especiales: Imitaci\u00f3n cemento, Masa coloreada<\/p>","protected":false},"excerpt":{"rendered":"<p>Azulejo Porcel\u00e1nico TABICA WORK B CENERE 15X120Este azulejo Porcel\u00e1nico en formato 15X120 cm, acabado Mate y color Gris es perfecto para tu hogar. Su material de fabricaci\u00f3n es Porcel\u00e1nico.Caracter\u00edsticas especiales: Imitaci\u00f3n cemento, Masa coloreada<\/p>\n","protected":false},"featured_media":63313,"comment_status":"closed","ping_status":"closed","template":"","meta":[],"product_brand":[],"product_cat":[846,847,848,827,866],"product_tag":[],"class_list":{"0":"post-63312","1":"product","2":"type-product","3":"status-publish","4":"has-post-thumbnail","6":"product_cat-piastrelle","7":"product_cat-bagni","8":"product_cat-cucine","9":"product_cat-rivestimento","10":"product_cat-salotto","12":"first","13":"outofstock","14":"shipping-taxable","15":"purchasable","16":"product-type-simple"},"_links":{"self":[{"href":"https:\/\/tilefly.com\/fr\/wp-json\/wp\/v2\/product\/63312","targetHints":{"allow":["GET"]}}],"collection":[{"href":"https:\/\/tilefly.com\/fr\/wp-json\/wp\/v2\/product"}],"about":[{"href":"https:\/\/tilefly.com\/fr\/wp-json\/wp\/v2\/types\/product"}],"replies":[{"embeddable":true,"href":"https:\/\/tilefly.com\/fr\/wp-json\/wp\/v2\/comments?post=63312"}],"wp:featuredmedia":[{"embeddable":true,"href":"https:\/\/tilefly.com\/fr\/wp-json\/wp\/v2\/media\/63313"}],"wp:attachment":[{"href":"https:\/\/tilefly.com\/fr\/wp-json\/wp\/v2\/media?parent=63312"}],"wp:term":[{"taxonomy":"product_brand","embeddable":true,"href":"https:\/\/tilefly.com\/fr\/wp-json\/wp\/v2\/product_brand?post=63312"},{"taxonomy":"product_cat","embeddable":true,"href":"https:\/\/tilefly.com\/fr\/wp-json\/wp\/v2\/product_cat?post=63312"},{"taxonomy":"product_tag","embeddable":true,"href":"https:\/\/tilefly.com\/fr\/wp-json\/wp\/v2\/product_tag?post=63312"}],"curies":[{"name":"wp","href":"https:\/\/api.w.org\/{rel}","templated":true}]}}