{"id":62433,"date":"2019-09-13T12:28:50","date_gmt":"2019-09-13T10:28:50","guid":{"rendered":"https:\/\/tilefly.com\/producto\/decorado-antideslizante-klinker-revestimiento-banos-salon-cocina-apa032632\/"},"modified":"2025-05-27T23:21:05","modified_gmt":"2025-05-27T21:21:05","slug":"decorado-antideslizante-klinker-revestimiento-banos-salon-cocina-apa032632","status":"publish","type":"product","link":"https:\/\/tilefly.com\/fr\/produit\/decorado-antideslizante-klinker-revestimiento-banos-salon-cocina-apa032632\/","title":{"rendered":"PELDA\u00d1O RECTO ANT, C3 ALABAMA ARTICO 33X120"},"content":{"rendered":"<h1><strong>Azulejo Klinker PELDA\u00d1O RECTO ANT, C3 ALABAMA ARTICO 33X120<\/strong><\/h1><p>Este azulejo Klinker en formato 33X120 cm, acabado Mate y color Gris, Marr\u00f3n es perfecto para tu hogar. Su material de fabricaci\u00f3n es Klinker.<\/p><p>Caracter\u00edsticas especiales: Antideslizante, Decorado<\/p>","protected":false},"excerpt":{"rendered":"<p>Azulejo Klinker PELDA\u00d1O RECTO ANT, C3 ALABAMA ARTICO 33X120Este azulejo Klinker en formato 33X120 cm, acabado Mate y color Gris, Marr\u00f3n es perfecto para tu hogar. Su material de fabricaci\u00f3n es Klinker.Caracter\u00edsticas especiales: Antideslizante, Decorado<\/p>\n","protected":false},"featured_media":62434,"comment_status":"closed","ping_status":"closed","template":"","meta":[],"product_brand":[],"product_cat":[354,355,356,357],"product_tag":[],"class_list":{"0":"post-62433","1":"product","2":"type-product","3":"status-publish","4":"has-post-thumbnail","6":"product_cat-carrelage-salle-de-bain","7":"product_cat-cuisines","8":"product_cat-faiences","9":"product_cat-carrelage-salon","11":"first","12":"outofstock","13":"shipping-taxable","14":"purchasable","15":"product-type-simple"},"_links":{"self":[{"href":"https:\/\/tilefly.com\/fr\/wp-json\/wp\/v2\/product\/62433","targetHints":{"allow":["GET"]}}],"collection":[{"href":"https:\/\/tilefly.com\/fr\/wp-json\/wp\/v2\/product"}],"about":[{"href":"https:\/\/tilefly.com\/fr\/wp-json\/wp\/v2\/types\/product"}],"replies":[{"embeddable":true,"href":"https:\/\/tilefly.com\/fr\/wp-json\/wp\/v2\/comments?post=62433"}],"wp:featuredmedia":[{"embeddable":true,"href":"https:\/\/tilefly.com\/fr\/wp-json\/wp\/v2\/media\/62434"}],"wp:attachment":[{"href":"https:\/\/tilefly.com\/fr\/wp-json\/wp\/v2\/media?parent=62433"}],"wp:term":[{"taxonomy":"product_brand","embeddable":true,"href":"https:\/\/tilefly.com\/fr\/wp-json\/wp\/v2\/product_brand?post=62433"},{"taxonomy":"product_cat","embeddable":true,"href":"https:\/\/tilefly.com\/fr\/wp-json\/wp\/v2\/product_cat?post=62433"},{"taxonomy":"product_tag","embeddable":true,"href":"https:\/\/tilefly.com\/fr\/wp-json\/wp\/v2\/product_tag?post=62433"}],"curies":[{"name":"wp","href":"https:\/\/api.w.org\/{rel}","templated":true}]}}