{"id":60482,"date":"2019-09-13T11:56:35","date_gmt":"2019-09-13T09:56:35","guid":{"rendered":"https:\/\/tilefly.com\/producto\/imitacion-madera-porcelanico-baldosas-revestimiento-banos-salon-cocina-apa019534\/"},"modified":"2025-05-27T23:13:08","modified_gmt":"2025-05-27T21:13:08","slug":"imitacion-madera-porcelanico-baldosas-revestimiento-banos-salon-cocina-apa019534","status":"publish","type":"product","link":"https:\/\/tilefly.com\/fr\/produit\/imitacion-madera-porcelanico-baldosas-revestimiento-banos-salon-cocina-apa019534\/","title":{"rendered":"OREGON GRIS RECT 20X114"},"content":{"rendered":"<h1><strong>Azulejo Porcel\u00e1nico OREGON GRIS RECT 20X114<\/strong><\/h1><p>Este azulejo Porcel\u00e1nico en formato  cm, acabado Mate y color Gris es perfecto para tu hogar. Su material de fabricaci\u00f3n es Porcel\u00e1nico.<\/p><p>Caracter\u00edsticas especiales: Imitaci\u00f3n madera<\/p>","protected":false},"excerpt":{"rendered":"<p>Azulejo Porcel\u00e1nico OREGON GRIS RECT 20X114Este azulejo Porcel\u00e1nico en formato cm, acabado Mate y color Gris es perfecto para tu hogar. Su material de fabricaci\u00f3n es Porcel\u00e1nico.Caracter\u00edsticas especiales: Imitaci\u00f3n madera<\/p>\n","protected":false},"featured_media":60483,"comment_status":"closed","ping_status":"closed","template":"","meta":[],"product_brand":[],"product_cat":[353,354,355,356,357],"product_tag":[],"class_list":{"0":"post-60482","1":"product","2":"type-product","3":"status-publish","4":"has-post-thumbnail","6":"product_cat-carrelage","7":"product_cat-carrelage-salle-de-bain","8":"product_cat-cuisines","9":"product_cat-faiences","10":"product_cat-carrelage-salon","12":"first","13":"outofstock","14":"shipping-taxable","15":"purchasable","16":"product-type-simple"},"_links":{"self":[{"href":"https:\/\/tilefly.com\/fr\/wp-json\/wp\/v2\/product\/60482","targetHints":{"allow":["GET"]}}],"collection":[{"href":"https:\/\/tilefly.com\/fr\/wp-json\/wp\/v2\/product"}],"about":[{"href":"https:\/\/tilefly.com\/fr\/wp-json\/wp\/v2\/types\/product"}],"replies":[{"embeddable":true,"href":"https:\/\/tilefly.com\/fr\/wp-json\/wp\/v2\/comments?post=60482"}],"wp:featuredmedia":[{"embeddable":true,"href":"https:\/\/tilefly.com\/fr\/wp-json\/wp\/v2\/media\/60483"}],"wp:attachment":[{"href":"https:\/\/tilefly.com\/fr\/wp-json\/wp\/v2\/media?parent=60482"}],"wp:term":[{"taxonomy":"product_brand","embeddable":true,"href":"https:\/\/tilefly.com\/fr\/wp-json\/wp\/v2\/product_brand?post=60482"},{"taxonomy":"product_cat","embeddable":true,"href":"https:\/\/tilefly.com\/fr\/wp-json\/wp\/v2\/product_cat?post=60482"},{"taxonomy":"product_tag","embeddable":true,"href":"https:\/\/tilefly.com\/fr\/wp-json\/wp\/v2\/product_tag?post=60482"}],"curies":[{"name":"wp","href":"https:\/\/api.w.org\/{rel}","templated":true}]}}