{"id":60138,"date":"2019-09-13T11:30:57","date_gmt":"2019-09-13T09:30:57","guid":{"rendered":"https:\/\/tilefly.com\/producto\/decorado-imitacion-cemento-pasta-roja-revestimiento-banos-salon-cocina-apa016053\/"},"modified":"2025-05-27T22:52:51","modified_gmt":"2025-05-27T20:52:51","slug":"decorado-imitacion-cemento-pasta-roja-revestimiento-banos-salon-cocina-apa016053","status":"publish","type":"product","link":"https:\/\/tilefly.com\/fr\/produit\/decorado-imitacion-cemento-pasta-roja-revestimiento-banos-salon-cocina-apa016053\/","title":{"rendered":"CONCORDE BEIGE 20X50"},"content":{"rendered":"<h1><strong>Azulejo Pasta Roja CONCORDE BEIGE 20X50<\/strong><\/h1><p>Este azulejo Pasta Roja en formato  cm, acabado Brillo y color Marr\u00f3n es perfecto para tu hogar. Su material de fabricaci\u00f3n es Pasta Roja.<\/p><p>Caracter\u00edsticas especiales: Decorado, Imitaci\u00f3n cemento<\/p>","protected":false},"excerpt":{"rendered":"<p>Azulejo Pasta Roja CONCORDE BEIGE 20X50Este azulejo Pasta Roja en formato cm, acabado Brillo y color Marr\u00f3n es perfecto para tu hogar. Su material de fabricaci\u00f3n es Pasta Roja.Caracter\u00edsticas especiales: Decorado, Imitaci\u00f3n cemento<\/p>\n","protected":false},"featured_media":60139,"comment_status":"closed","ping_status":"closed","template":"","meta":[],"product_brand":[],"product_cat":[305,306,304,307],"product_tag":[],"class_list":{"0":"post-60138","1":"product","2":"type-product","3":"status-publish","4":"has-post-thumbnail","6":"product_cat-banos","7":"product_cat-cocina","8":"product_cat-revestimiento","9":"product_cat-salon","11":"first","12":"outofstock","13":"shipping-taxable","14":"purchasable","15":"product-type-simple"},"_links":{"self":[{"href":"https:\/\/tilefly.com\/fr\/wp-json\/wp\/v2\/product\/60138","targetHints":{"allow":["GET"]}}],"collection":[{"href":"https:\/\/tilefly.com\/fr\/wp-json\/wp\/v2\/product"}],"about":[{"href":"https:\/\/tilefly.com\/fr\/wp-json\/wp\/v2\/types\/product"}],"replies":[{"embeddable":true,"href":"https:\/\/tilefly.com\/fr\/wp-json\/wp\/v2\/comments?post=60138"}],"wp:featuredmedia":[{"embeddable":true,"href":"https:\/\/tilefly.com\/fr\/wp-json\/wp\/v2\/media\/60139"}],"wp:attachment":[{"href":"https:\/\/tilefly.com\/fr\/wp-json\/wp\/v2\/media?parent=60138"}],"wp:term":[{"taxonomy":"product_brand","embeddable":true,"href":"https:\/\/tilefly.com\/fr\/wp-json\/wp\/v2\/product_brand?post=60138"},{"taxonomy":"product_cat","embeddable":true,"href":"https:\/\/tilefly.com\/fr\/wp-json\/wp\/v2\/product_cat?post=60138"},{"taxonomy":"product_tag","embeddable":true,"href":"https:\/\/tilefly.com\/fr\/wp-json\/wp\/v2\/product_tag?post=60138"}],"curies":[{"name":"wp","href":"https:\/\/api.w.org\/{rel}","templated":true}]}}