{"id":584366,"date":"2025-12-16T01:32:45","date_gmt":"2025-12-16T00:32:45","guid":{"rendered":"https:\/\/tilefly.com\/producto\/3db-charisma-black-mt-60x120-rect\/"},"modified":"2025-12-16T02:28:37","modified_gmt":"2025-12-16T01:28:37","slug":"3db-charisma-black-mt-60x120-rect","status":"publish","type":"product","link":"https:\/\/tilefly.com\/fr\/produit\/3db-charisma-black-mt-60x120-rect\/","title":{"rendered":"3DB CHARISMA BLACK MT 60X120 RECT"},"content":{"rendered":"<h2>Azulejo Porcel\u00e1nico Mate 3DB CHARISMA BLACK MT 60X120 RECT<\/h2><p>Plongez dans la sophistication intemporelle avec notre produit <a href='https:\/\/tilefly.com\/fr\/produit\/charisma'>CHARISMA<\/a> 3DB CHARISMA BLACK MT 60X120 RECT. Ce gr\u00e8s c\u00e9rame \u00e9maill\u00e9 mat, avec son format g\u00e9n\u00e9reux de 60&#215;120 cm et ses bords rectifi\u00e9s, red\u00e9finit le concept d&#8217;\u00e9l\u00e9gance dans n&#8217;importe quel espace. Inspir\u00e9 par la majest\u00e9 du marbre, sa base dans un noir anthracite profond s&#8217;entrelace avec des veinures blanches et gris clair complexes, accentu\u00e9es par de subtiles touches dor\u00e9es et cuivr\u00e9es qui lui conf\u00e8rent une chaleur inattendue et un r\u00e9alisme \u00e9tonnant.<\/p><p>La finition mate de ce <a href=\"https:\/\/tilefly.com\/fr\/carrelage\/\">carreau<\/a> de la s\u00e9rie <a href='https:\/\/tilefly.com\/fr\/produit\/charisma'>CHARISMA<\/a> non seulement embrasse la lumi\u00e8re sans reflets \u00e9blouissants, mais rehausse \u00e9galement sa texture et l&#8217;effet 3D qui lui conf\u00e8re une profondeur in\u00e9galable. Chaque d\u00e9tail, depuis les fines ramifications des veines jusqu&#8217;aux petites inclusions qui imitent les cristaux du marbre naturel, a \u00e9t\u00e9 soigneusement con\u00e7u pour cr\u00e9er un motif dynamique qui \u00e9vite la monotonie. Id\u00e9al pour les sols et les murs, ce porcelaine transformera les cuisines, les salons et les salles de bains en sanctuaires de style et de magn\u00e9tisme naturel, garantissant durabilit\u00e9 et entretien facile.<\/p>","protected":false},"excerpt":{"rendered":"<p>Azulejo Porcel\u00e1nico Mate 3DB CHARISMA BLACK MT 60X120 RECTPlongez dans la sophistication intemporelle avec notre produit CHARISMA 3DB CHARISMA BLACK MT 60X120 RECT. Ce gr\u00e8s c\u00e9rame \u00e9maill\u00e9 mat, avec son format g\u00e9n\u00e9reux de 60&#215;120 cm et ses bords rectifi\u00e9s, red\u00e9finit le concept d&#8217;\u00e9l\u00e9gance dans n&#8217;importe quel espace. Inspir\u00e9 par la majest\u00e9 du marbre, sa base [&hellip;]<\/p>\n","protected":false},"featured_media":584367,"comment_status":"open","ping_status":"closed","template":"","meta":[],"product_brand":[],"product_cat":[353,355,356,354],"product_tag":[],"class_list":{"0":"post-584366","1":"product","2":"type-product","3":"status-publish","4":"has-post-thumbnail","6":"product_cat-carrelage","7":"product_cat-cuisines","8":"product_cat-faiences","9":"product_cat-carrelage-salle-de-bain","11":"first","12":"instock","13":"shipping-taxable","14":"purchasable","15":"product-type-simple"},"_links":{"self":[{"href":"https:\/\/tilefly.com\/fr\/wp-json\/wp\/v2\/product\/584366","targetHints":{"allow":["GET"]}}],"collection":[{"href":"https:\/\/tilefly.com\/fr\/wp-json\/wp\/v2\/product"}],"about":[{"href":"https:\/\/tilefly.com\/fr\/wp-json\/wp\/v2\/types\/product"}],"replies":[{"embeddable":true,"href":"https:\/\/tilefly.com\/fr\/wp-json\/wp\/v2\/comments?post=584366"}],"wp:featuredmedia":[{"embeddable":true,"href":"https:\/\/tilefly.com\/fr\/wp-json\/wp\/v2\/media\/584367"}],"wp:attachment":[{"href":"https:\/\/tilefly.com\/fr\/wp-json\/wp\/v2\/media?parent=584366"}],"wp:term":[{"taxonomy":"product_brand","embeddable":true,"href":"https:\/\/tilefly.com\/fr\/wp-json\/wp\/v2\/product_brand?post=584366"},{"taxonomy":"product_cat","embeddable":true,"href":"https:\/\/tilefly.com\/fr\/wp-json\/wp\/v2\/product_cat?post=584366"},{"taxonomy":"product_tag","embeddable":true,"href":"https:\/\/tilefly.com\/fr\/wp-json\/wp\/v2\/product_tag?post=584366"}],"curies":[{"name":"wp","href":"https:\/\/api.w.org\/{rel}","templated":true}]}}