{"id":584357,"date":"2025-12-16T01:32:49","date_gmt":"2025-12-16T00:32:49","guid":{"rendered":"https:\/\/tilefly.com\/producto\/3db-charisma-black-mt-100x100-rect\/"},"modified":"2025-12-16T02:28:19","modified_gmt":"2025-12-16T01:28:19","slug":"3db-charisma-black-mt-100x100-rect","status":"publish","type":"product","link":"https:\/\/tilefly.com\/fr\/produit\/3db-charisma-black-mt-100x100-rect\/","title":{"rendered":"3DB CHARISMA BLACK MT 100X100 RECT"},"content":{"rendered":"<h2>Carrelage en Porcelaine Mate 3DB CHARISMA BLACK MT 100X100 RECT<\/h2><p>Nous vous pr\u00e9sentons le <b>3DB CHARISMA BLACK MT 100X100 RECT<\/b>, un <a href=\"https:\/\/tilefly.com\/fr\/carrelage\/\">carrelage<\/a> en porcelaine qui red\u00e9finit l&#8217;\u00e9l\u00e9gance dans n&#8217;importe quel espace. Empreinte de la sophistication de la s\u00e9rie <a href='https:\/\/tilefly.com\/fr\/produit\/charisma'>CHARISMA<\/a>, cette pi\u00e8ce au format g\u00e9n\u00e9reux de 100&#215;100 cm capture l&#8217;essence de la pierre naturelle avec une touche moderne. Sa couleur noire profonde, presque un gris tr\u00e8s fonc\u00e9, devient la toile parfaite pour le motif complexe de veines et de fissures irr\u00e9guli\u00e8res entrecrois\u00e9es, qui oscillent entre le blanc pur et le gris clair.<\/p><p>Le design al\u00e9atoire et non r\u00e9p\u00e9titif lui conf\u00e8re une authenticit\u00e9 organique, simulant avec maestria la riche texture d&#8217;un marbre fonc\u00e9 ou d&#8217;une pierre volcanique. La finition mate, combin\u00e9e \u00e0 une texture visuelle riche, non seulement embrasse la lumi\u00e8re sans reflets g\u00eanants, mais ajoute \u00e9galement une profondeur qui rehausse chaque d\u00e9tail. \u00c9tant rectifi\u00e9, ce carreau permet une installation avec des joints minimaux, cr\u00e9ant une surface continue et fluide qui amplifie la majest\u00e9 de sa finition. Id\u00e9al pour les sols et les murs, le 3DB CHARISMA BLACK MT est le choix parfait pour ceux qui recherchent une ambiance sobre, \u00e9l\u00e9gante et avec un caract\u00e8re distinctif qui perdure dans le temps.<\/p>","protected":false},"excerpt":{"rendered":"<p>Carrelage en Porcelaine Mate 3DB CHARISMA BLACK MT 100X100 RECTNous vous pr\u00e9sentons le 3DB CHARISMA BLACK MT 100X100 RECT, un carrelage en porcelaine qui red\u00e9finit l&#8217;\u00e9l\u00e9gance dans n&#8217;importe quel espace. Empreinte de la sophistication de la s\u00e9rie CHARISMA, cette pi\u00e8ce au format g\u00e9n\u00e9reux de 100&#215;100 cm capture l&#8217;essence de la pierre naturelle avec une touche [&hellip;]<\/p>\n","protected":false},"featured_media":584358,"comment_status":"open","ping_status":"closed","template":"","meta":[],"product_brand":[],"product_cat":[353,355,356,354],"product_tag":[],"class_list":{"0":"post-584357","1":"product","2":"type-product","3":"status-publish","4":"has-post-thumbnail","6":"product_cat-carrelage","7":"product_cat-cuisines","8":"product_cat-faiences","9":"product_cat-carrelage-salle-de-bain","11":"first","12":"instock","13":"shipping-taxable","14":"purchasable","15":"product-type-simple"},"_links":{"self":[{"href":"https:\/\/tilefly.com\/fr\/wp-json\/wp\/v2\/product\/584357","targetHints":{"allow":["GET"]}}],"collection":[{"href":"https:\/\/tilefly.com\/fr\/wp-json\/wp\/v2\/product"}],"about":[{"href":"https:\/\/tilefly.com\/fr\/wp-json\/wp\/v2\/types\/product"}],"replies":[{"embeddable":true,"href":"https:\/\/tilefly.com\/fr\/wp-json\/wp\/v2\/comments?post=584357"}],"wp:featuredmedia":[{"embeddable":true,"href":"https:\/\/tilefly.com\/fr\/wp-json\/wp\/v2\/media\/584358"}],"wp:attachment":[{"href":"https:\/\/tilefly.com\/fr\/wp-json\/wp\/v2\/media?parent=584357"}],"wp:term":[{"taxonomy":"product_brand","embeddable":true,"href":"https:\/\/tilefly.com\/fr\/wp-json\/wp\/v2\/product_brand?post=584357"},{"taxonomy":"product_cat","embeddable":true,"href":"https:\/\/tilefly.com\/fr\/wp-json\/wp\/v2\/product_cat?post=584357"},{"taxonomy":"product_tag","embeddable":true,"href":"https:\/\/tilefly.com\/fr\/wp-json\/wp\/v2\/product_tag?post=584357"}],"curies":[{"name":"wp","href":"https:\/\/api.w.org\/{rel}","templated":true}]}}