{"id":584339,"date":"2025-12-16T01:32:56","date_gmt":"2025-12-16T00:32:56","guid":{"rendered":"https:\/\/tilefly.com\/producto\/charisma-black-mt-30x60-rect\/"},"modified":"2025-12-16T02:27:43","modified_gmt":"2025-12-16T01:27:43","slug":"charisma-black-mt-30x60-rect","status":"publish","type":"product","link":"https:\/\/tilefly.com\/fr\/produit\/charisma-black-mt-30x60-rect\/","title":{"rendered":"CHARISMA BLACK MT 30X60 RECT"},"content":{"rendered":"<h2>Carrelage en porcelaine mat CHARISMA BLACK MT 30X60 RECT<\/h2><p>D\u00e9couvrez l&#8217;essence du luxe moderne avec la collection CHARISMA, et explorez le captivant <a href=\"https:\/\/tilefly.com\/fr\/carrelage\/\">carrelage<\/a> CHARISMA BLACK MT 30X60 RECT. Ce porcelaine \u00e9maill\u00e9e, avec son format de 30&#215;60 cm et rectifi\u00e9 pour un ajustement parfait, projette une \u00e9l\u00e9gance in\u00e9galable dans chaque recoin de votre maison. Sa couleur de base sombre, un gris anthracite profond qui touche au noir, s&#8217;entrelace avec un r\u00e9seau de veines blanches et grises tr\u00e8s claires, fines et ramifi\u00e9es, qui rappellent les fissures naturelles de la pierre. Ces veines se fusionnent avec des touches terreuses et cuivr\u00e9es, comme des marrons rouge\u00e2tres et ocres, qui apportent une chaleur inattendue et une profondeur visuelle fascinante. Les petites \u00e9claboussures blanches dispers\u00e9es sur la surface augmentent sa luminosit\u00e9, simulant la complexit\u00e9 des roches naturelles. <\/p><p>La finition mate de ce carrelage \u00e9limine non seulement les reflets ind\u00e9sirables, mais invite \u00e0 une exp\u00e9rience tactile qui met en valeur son design imitation pierre avec un subtil effet 3D. Loin de l&#8217;uniformit\u00e9 du ciment ou du bois, cette pi\u00e8ce \u00e9voque un marbre br\u00e9chique, charg\u00e9 d&#8217;inclusions min\u00e9rales qui lui conf\u00e8rent une personnalit\u00e9 unique et sophistiqu\u00e9e. Id\u00e9al pour transformer les cuisines, les salons et les salles de bains en espaces avec un magn\u00e9tisme naturel, le <a href='https:\/\/tilefly.com\/fr\/produit\/charisma'>CHARISMA<\/a> BLACK MT 30X60 RECT est une d\u00e9claration de style qui combine la r\u00e9sistance du porcelaine avec la beaut\u00e9 sublime de la nature. Un choix parfait pour ceux qui recherchent une ambiance \u00e9l\u00e9gante et contemporaine qui perdure dans le temps.<\/p>","protected":false},"excerpt":{"rendered":"<p>Carrelage en porcelaine mat CHARISMA BLACK MT 30X60 RECTD\u00e9couvrez l&#8217;essence du luxe moderne avec la collection CHARISMA, et explorez le captivant carrelage CHARISMA BLACK MT 30X60 RECT. Ce porcelaine \u00e9maill\u00e9e, avec son format de 30&#215;60 cm et rectifi\u00e9 pour un ajustement parfait, projette une \u00e9l\u00e9gance in\u00e9galable dans chaque recoin de votre maison. Sa couleur de [&hellip;]<\/p>\n","protected":false},"featured_media":584340,"comment_status":"open","ping_status":"closed","template":"","meta":[],"product_brand":[],"product_cat":[353,355,356,354],"product_tag":[],"class_list":{"0":"post-584339","1":"product","2":"type-product","3":"status-publish","4":"has-post-thumbnail","6":"product_cat-carrelage","7":"product_cat-cuisines","8":"product_cat-faiences","9":"product_cat-carrelage-salle-de-bain","11":"first","12":"instock","13":"shipping-taxable","14":"purchasable","15":"product-type-simple"},"_links":{"self":[{"href":"https:\/\/tilefly.com\/fr\/wp-json\/wp\/v2\/product\/584339","targetHints":{"allow":["GET"]}}],"collection":[{"href":"https:\/\/tilefly.com\/fr\/wp-json\/wp\/v2\/product"}],"about":[{"href":"https:\/\/tilefly.com\/fr\/wp-json\/wp\/v2\/types\/product"}],"replies":[{"embeddable":true,"href":"https:\/\/tilefly.com\/fr\/wp-json\/wp\/v2\/comments?post=584339"}],"wp:featuredmedia":[{"embeddable":true,"href":"https:\/\/tilefly.com\/fr\/wp-json\/wp\/v2\/media\/584340"}],"wp:attachment":[{"href":"https:\/\/tilefly.com\/fr\/wp-json\/wp\/v2\/media?parent=584339"}],"wp:term":[{"taxonomy":"product_brand","embeddable":true,"href":"https:\/\/tilefly.com\/fr\/wp-json\/wp\/v2\/product_brand?post=584339"},{"taxonomy":"product_cat","embeddable":true,"href":"https:\/\/tilefly.com\/fr\/wp-json\/wp\/v2\/product_cat?post=584339"},{"taxonomy":"product_tag","embeddable":true,"href":"https:\/\/tilefly.com\/fr\/wp-json\/wp\/v2\/product_tag?post=584339"}],"curies":[{"name":"wp","href":"https:\/\/api.w.org\/{rel}","templated":true}]}}