{"id":584333,"date":"2025-12-16T01:32:59","date_gmt":"2025-12-16T00:32:59","guid":{"rendered":"https:\/\/tilefly.com\/producto\/charisma-sand-mt-30x60-rect\/"},"modified":"2025-12-16T02:27:30","modified_gmt":"2025-12-16T01:27:30","slug":"charisma-sand-mt-30x60-rect","status":"publish","type":"product","link":"https:\/\/tilefly.com\/fr\/produit\/charisma-sand-mt-30x60-rect\/","title":{"rendered":"CHARISMA SAND MT 30X60 RECT"},"content":{"rendered":"<h2>Carreau de Porcelaine Mat CHARISMA SAND MT 30X60 RECT<\/h2><p>D\u00e9couvrez l&#8217;essence de la sophistication avec le <a href=\"https:\/\/tilefly.com\/fr\/carrelage\/\">carreau<\/a> CHARISMA SAND MT 30X60 RECT. Ce porcelaine \u00e9maill\u00e9e mate, dans un format de 30&#215;60 cm rectifi\u00e9, red\u00e9finit l&#8217;\u00e9l\u00e9gance dans n&#8217;importe quel espace. Sa subtile tonalit\u00e9 sable \u00e9voque la chaleur de la terre, tandis que son design imite la beaut\u00e9 du marbre, avec des veines fines et ramifi\u00e9es dans des tons blancs et gris clairs qui se distribuent organiquement, cr\u00e9ant un motif unique et atemporel. La finition mate, douce au toucher et \u00e0 la vue, dissipe les reflets, apportant une profondeur sereine et une sensation de luxe discret. La rectification des bords permet une installation avec des joints minimums, cr\u00e9ant une surface continue et propre qui amplifie l&#8217;esth\u00e9tique de n&#8217;importe quelle pi\u00e8ce. <a href='https:\/\/tilefly.com\/fr\/produit\/charisma'>CHARISMA<\/a>, avec son effet 3D qui ajoute personnalit\u00e9 et volume, est id\u00e9al pour les cuisines, les salons et les salles de bains qui recherchent un \u00e9quilibre entre le classicisme et la modernit\u00e9. Ce porcelaine est non seulement un d\u00e9lice visuel, mais promet \u00e9galement durabilit\u00e9 et facilit\u00e9 d&#8217;entretien, ce qui en fait le choix parfait pour ceux qui appr\u00e9cient la beaut\u00e9 et la praticit\u00e9.<\/p>","protected":false},"excerpt":{"rendered":"<p>Carreau de Porcelaine Mat CHARISMA SAND MT 30X60 RECTD\u00e9couvrez l&#8217;essence de la sophistication avec le carreau CHARISMA SAND MT 30X60 RECT. Ce porcelaine \u00e9maill\u00e9e mate, dans un format de 30&#215;60 cm rectifi\u00e9, red\u00e9finit l&#8217;\u00e9l\u00e9gance dans n&#8217;importe quel espace. Sa subtile tonalit\u00e9 sable \u00e9voque la chaleur de la terre, tandis que son design imite la beaut\u00e9 [&hellip;]<\/p>\n","protected":false},"featured_media":584334,"comment_status":"open","ping_status":"closed","template":"","meta":[],"product_brand":[],"product_cat":[353,355,356,354],"product_tag":[],"class_list":{"0":"post-584333","1":"product","2":"type-product","3":"status-publish","4":"has-post-thumbnail","6":"product_cat-carrelage","7":"product_cat-cuisines","8":"product_cat-faiences","9":"product_cat-carrelage-salle-de-bain","11":"first","12":"instock","13":"shipping-taxable","14":"purchasable","15":"product-type-simple"},"_links":{"self":[{"href":"https:\/\/tilefly.com\/fr\/wp-json\/wp\/v2\/product\/584333","targetHints":{"allow":["GET"]}}],"collection":[{"href":"https:\/\/tilefly.com\/fr\/wp-json\/wp\/v2\/product"}],"about":[{"href":"https:\/\/tilefly.com\/fr\/wp-json\/wp\/v2\/types\/product"}],"replies":[{"embeddable":true,"href":"https:\/\/tilefly.com\/fr\/wp-json\/wp\/v2\/comments?post=584333"}],"wp:featuredmedia":[{"embeddable":true,"href":"https:\/\/tilefly.com\/fr\/wp-json\/wp\/v2\/media\/584334"}],"wp:attachment":[{"href":"https:\/\/tilefly.com\/fr\/wp-json\/wp\/v2\/media?parent=584333"}],"wp:term":[{"taxonomy":"product_brand","embeddable":true,"href":"https:\/\/tilefly.com\/fr\/wp-json\/wp\/v2\/product_brand?post=584333"},{"taxonomy":"product_cat","embeddable":true,"href":"https:\/\/tilefly.com\/fr\/wp-json\/wp\/v2\/product_cat?post=584333"},{"taxonomy":"product_tag","embeddable":true,"href":"https:\/\/tilefly.com\/fr\/wp-json\/wp\/v2\/product_tag?post=584333"}],"curies":[{"name":"wp","href":"https:\/\/api.w.org\/{rel}","templated":true}]}}