{"id":579276,"date":"2025-10-08T21:26:19","date_gmt":"2025-10-08T19:26:19","guid":{"rendered":"https:\/\/tilefly.com\/producto\/thor-muro-mix-mt-30x60\/"},"modified":"2025-10-09T15:28:36","modified_gmt":"2025-10-09T13:28:36","slug":"thor-muro-mix-mt-30x60","status":"publish","type":"product","link":"https:\/\/tilefly.com\/fr\/produit\/thor-muro-mix-mt-30x60\/","title":{"rendered":"THOR MURO MIX MT 30X60"},"content":{"rendered":"<h2>Carreau de porcelaine mate THOR MURO MIX MT 30X60<\/h2><p>D\u00e9couvrez le rev\u00eatement parfait pour transformer vos murs avec le mod\u00e8le THOR MURO MIX MT 30X60, une pi\u00e8ce exceptionnelle de la s\u00e9rie <a href=\"https:\/\/tilefly.com\/fr\/produit\/thor\/\">THOR<\/a> de Tilefly qui fusionne la robustesse de la pierre naturelle avec la durabilit\u00e9 et la polyvalence de la porcelaine. Ce carreau est m\u00e9ticuleusement con\u00e7u pour imiter l&#039;esth\u00e9tique d&#039;un mur en pierres empil\u00e9es, avec un style qui rappelle le schiste ou le quartzite, apportant un caract\u00e8re organique et contemporain \u00e0 tout espace.<\/p><p>Son format de 30&#215;60 cm, non rectifi\u00e9, pr\u00e9sente des bandes rectangulaires de diff\u00e9rentes longueurs et hauteurs, dispos\u00e9es horizontalement dans un motif \u00e9chelonn\u00e9 qui recr\u00e9e l&#039;authenticit\u00e9 d&#039;un mur de ma\u00e7onnerie s\u00e8che. La caract\u00e9ristique la plus surprenante de THOR MURO MIX est sa palette de couleurs &#8220;Multicolore&#8221;, un m\u00e9lange harmonieux qui capture la complexit\u00e9 chromatique de la pierre v\u00e9ritable. Les gris pr\u00e9dominent, allant des tons clairs et argent\u00e9s aux gris moyens avec de subtiles nuances bleut\u00e9es ou verd\u00e2tres, et des sections plus sombres qui fr\u00f4lent l&#039;anthracite ou le noir. Ceux-ci s&#039;entrelacent avec des accents chauds et terreux, comme des marrons, des beiges, des ocres et des touches rouge\u00e2tres ou cuivr\u00e9es, qui apparaissent dans les veines et les bandes, lui conf\u00e9rant une richesse visuelle et une polyvalence chromatique in\u00e9galables. Cette combinaison lui permet de s&#039;int\u00e9grer parfaitement \u00e0 une large gamme de styles d\u00e9coratifs, du rustique et naturel au moderne et minimaliste.<\/p><p>Fabriqu\u00e9 en porcelaine \u00e9maill\u00e9e mate, ce carreau est non seulement esth\u00e9tiquement saisissant, mais aussi extraordinairement fonctionnel. La porcelaine est connue pour sa r\u00e9sistance sup\u00e9rieure \u00e0 l&#039;humidit\u00e9, aux changements de temp\u00e9rature et \u00e0 l&#039;usure, ce qui en fait le choix id\u00e9al tant pour les int\u00e9rieurs que pour les ext\u00e9rieurs, embellissant les fa\u00e7ades, les terrasses, les jardins ou les murs de sout\u00e8nement. Sa finition mate compl\u00e8te parfaitement l&#039;imitation de la pierre, att\u00e9nuant les reflets ind\u00e9sirables et rehaussant la profondeur de sa texture.<\/p><p>La texture superficielle est un autre de ses grands atouts : les &#8220;pierres&#8221; individuelles ne sont pas lisses, mais pr\u00e9sentent une finition rugueuse et l\u00e9g\u00e8rement en relief, simulant la fracture naturelle et rugueuse de la pierre authentique (la &#8220;cleft finish&#8221;). On appr\u00e9cie des variations subtiles dans la profondeur et la brillance entre les diff\u00e9rentes &#8220;pi\u00e8ces&#8221;, ce qui ajoute un r\u00e9alisme tridimensionnel \u00e9tonnant. Les joints entre les bandes sont si fins qu&#039;ils sont presque imperceptibles, consolidant l&#039;apparence d&#039;un mur monolithique en pierre naturelle. Avec THOR MURO MIX MT 30X60, vous n&#039;acqu\u00e9rez pas seulement un carreau, mais une d\u00e9claration de style qui apportera durabilit\u00e9, beaut\u00e9 intemporelle et une touche de sophistication rustique \u00e0 vos projets de rev\u00eatement, connectant vos espaces avec la chaleur et l&#039;authenticit\u00e9 de la nature.<\/p>","protected":false},"excerpt":{"rendered":"<p>Carreau de porcelaine mate THOR MURO MIX MT 30X60D\u00e9couvrez le rev\u00eatement parfait pour transformer vos murs avec le mod\u00e8le THOR MURO MIX MT 30X60, une pi\u00e8ce exceptionnelle de la s\u00e9rie THOR de Tilefly qui fusionne la robustesse de la pierre naturelle avec la durabilit\u00e9 et la polyvalence de la porcelaine. Ce carreau est m\u00e9ticuleusement con\u00e7u [&hellip;]<\/p>\n","protected":false},"featured_media":579277,"comment_status":"open","ping_status":"closed","template":"","meta":[],"product_brand":[],"product_cat":[356],"product_tag":[],"class_list":{"0":"post-579276","1":"product","2":"type-product","3":"status-publish","4":"has-post-thumbnail","6":"product_cat-faiences","8":"first","9":"instock","10":"shipping-taxable","11":"purchasable","12":"product-type-simple"},"_links":{"self":[{"href":"https:\/\/tilefly.com\/fr\/wp-json\/wp\/v2\/product\/579276","targetHints":{"allow":["GET"]}}],"collection":[{"href":"https:\/\/tilefly.com\/fr\/wp-json\/wp\/v2\/product"}],"about":[{"href":"https:\/\/tilefly.com\/fr\/wp-json\/wp\/v2\/types\/product"}],"replies":[{"embeddable":true,"href":"https:\/\/tilefly.com\/fr\/wp-json\/wp\/v2\/comments?post=579276"}],"wp:featuredmedia":[{"embeddable":true,"href":"https:\/\/tilefly.com\/fr\/wp-json\/wp\/v2\/media\/579277"}],"wp:attachment":[{"href":"https:\/\/tilefly.com\/fr\/wp-json\/wp\/v2\/media?parent=579276"}],"wp:term":[{"taxonomy":"product_brand","embeddable":true,"href":"https:\/\/tilefly.com\/fr\/wp-json\/wp\/v2\/product_brand?post=579276"},{"taxonomy":"product_cat","embeddable":true,"href":"https:\/\/tilefly.com\/fr\/wp-json\/wp\/v2\/product_cat?post=579276"},{"taxonomy":"product_tag","embeddable":true,"href":"https:\/\/tilefly.com\/fr\/wp-json\/wp\/v2\/product_tag?post=579276"}],"curies":[{"name":"wp","href":"https:\/\/api.w.org\/{rel}","templated":true}]}}