{"id":578702,"date":"2025-09-03T18:50:52","date_gmt":"2025-09-03T16:50:52","guid":{"rendered":"https:\/\/tilefly.com\/producto\/moldura-sorico-bianco-2x60\/"},"modified":"2025-12-11T20:15:51","modified_gmt":"2025-12-11T19:15:51","slug":"moldura-sorico-bianco-2x60","status":"publish","type":"product","link":"https:\/\/tilefly.com\/fr\/produit\/moldura-sorico-bianco-2x60\/","title":{"rendered":"MOLDURA SORICO BIANCO 2X60"},"content":{"rendered":"<h2><strong>MOLDURA SORICO BIANCO 2X60<\/strong><\/h2><p><p>Sum\u00e9rgete en la sutileza de la Moldura Sorico Bianco 2&#215;60, una pieza clave de la colecci\u00f3n <a href=\"https:\/\/tilefly.com\/fr\/produit\/bellagio\/\">BELLAGIO<\/a> que redefine la elegancia en cada detalle. Este revestimiento de pasta blanca, con su acabado mate y color blanco impoluto, evoca la serenidad y la pureza. Su formato alargado y decorado sutilmente, crea un juego de luces y sombras que aporta profundidad y dinamismo a cualquier espacio. La ausencia de brillos intensos y la textura suave al tacto sugieren un material que imita la piedra natural o el cemento pulido, transmitiendo una sensaci\u00f3n de calma y sofisticaci\u00f3n. Ideal para quienes buscan un toque de distinci\u00f3n sin estridencias, esta moldura se integra a la perfecci\u00f3n en ambientes modernos y cl\u00e1sicos, a\u00f1adiendo un valor est\u00e9tico duradero.<\/p><p>El color blanco, en su tonalidad m\u00e1s clara, expande visualmente los espacios, mientras que su acabado mate facilita la combinaci\u00f3n con otros materiales y colores. Su dise\u00f1o, aunque discreto, es capaz de generar un impacto visual significativo, transformando paredes y creando ambientes \u00fanicos y personalizados. La Moldura Sorico Bianco es m\u00e1s que una simple pieza; es una declaraci\u00f3n de estilo, un elemento que realza la belleza de los espacios y los convierte en lugares donde el dise\u00f1o y la funcionalidad se fusionan.<\/p><\/p>","protected":false},"excerpt":{"rendered":"<p>MOLDURA SORICO BIANCO 2X60Sum\u00e9rgete en la sutileza de la Moldura Sorico Bianco 2&#215;60, una pieza clave de la colecci\u00f3n BELLAGIO que redefine la elegancia en cada detalle. Este revestimiento de pasta blanca, con su acabado mate y color blanco impoluto, evoca la serenidad y la pureza. Su formato alargado y decorado sutilmente, crea un juego [&hellip;]<\/p>\n","protected":false},"featured_media":578593,"comment_status":"open","ping_status":"closed","template":"","meta":[],"product_brand":[],"product_cat":[355,356,354],"product_tag":[],"class_list":{"0":"post-578702","1":"product","2":"type-product","3":"status-publish","4":"has-post-thumbnail","6":"product_cat-cuisines","7":"product_cat-faiences","8":"product_cat-carrelage-salle-de-bain","10":"first","11":"instock","12":"shipping-taxable","13":"purchasable","14":"product-type-simple"},"_links":{"self":[{"href":"https:\/\/tilefly.com\/fr\/wp-json\/wp\/v2\/product\/578702","targetHints":{"allow":["GET"]}}],"collection":[{"href":"https:\/\/tilefly.com\/fr\/wp-json\/wp\/v2\/product"}],"about":[{"href":"https:\/\/tilefly.com\/fr\/wp-json\/wp\/v2\/types\/product"}],"replies":[{"embeddable":true,"href":"https:\/\/tilefly.com\/fr\/wp-json\/wp\/v2\/comments?post=578702"}],"wp:featuredmedia":[{"embeddable":true,"href":"https:\/\/tilefly.com\/fr\/wp-json\/wp\/v2\/media\/578593"}],"wp:attachment":[{"href":"https:\/\/tilefly.com\/fr\/wp-json\/wp\/v2\/media?parent=578702"}],"wp:term":[{"taxonomy":"product_brand","embeddable":true,"href":"https:\/\/tilefly.com\/fr\/wp-json\/wp\/v2\/product_brand?post=578702"},{"taxonomy":"product_cat","embeddable":true,"href":"https:\/\/tilefly.com\/fr\/wp-json\/wp\/v2\/product_cat?post=578702"},{"taxonomy":"product_tag","embeddable":true,"href":"https:\/\/tilefly.com\/fr\/wp-json\/wp\/v2\/product_tag?post=578702"}],"curies":[{"name":"wp","href":"https:\/\/api.w.org\/{rel}","templated":true}]}}